{"id":504313,"date":"2025-01-25T00:03:19","date_gmt":"2025-01-24T23:03:19","guid":{"rendered":"https:\/\/shop.kustom.ch\/?post_type=product&#038;p=504313"},"modified":"2026-03-31T10:52:44","modified_gmt":"2026-03-31T09:52:44","slug":"greenville-regular","status":"publish","type":"product","link":"https:\/\/shop.kustom.ch\/fr\/produit\/greenville-regular\/","title":{"rendered":"Greenville Regular"},"content":{"rendered":"<p>Polo avec une bande blanche classique sur le col et les manches. Bande grise sur polo blanc. Tissu stretch lav\u00e9 aux enzymes, confortable, en maille Lacost. Deux boutons d'aspect nacr\u00e9. Version femme avec une patte plus courte et sans boutons. Greenville est disponible en trois coupes \u00e9l\u00e9gantes : la coupe traditionnelle Regular, la coupe plus \u00e9troite Modern et la coupe f\u00e9minine Woman.<\/p>\n<p>Mati\u00e8re : 95% coton peign\u00e9, 5% Lycra\u00ae, 200 g\/m\u00b2.<\/p>","protected":false},"excerpt":{"rendered":"<p>Polo Shirt mit einem klassischen weissen Streifen an Kragen und \u00c4rmel. Grauer Streifen auf weissen Poloshirts. Enzym gewaschenes, bequemes Stretchmaterial aus Lacost Strick. Zwei Kn\u00f6pfe im Perlmutt Look. Damenversion mit k\u00fcrzerer Leiste und ohne Kn\u00f6pfe. Greenville ist in drei stilvollen Schnitten erh\u00e4ltlich: dem traditionellen Regular, dem engeren Modern und dem femininen Woman. Material: 95% gek\u00e4mmte [&hellip;]<\/p>\n","protected":false},"featured_media":504369,"template":"","meta":[],"product_brand":[],"product_cat":[4193],"product_tag":[],"class_list":{"0":"post-504313","1":"product","2":"type-product","3":"status-publish","4":"has-post-thumbnail","6":"product_cat-polos","7":"pa_brand-harvest","8":"pa_brand-type-sportswear","9":"pa_filter-color-blau","10":"pa_filter-color-gruen","11":"pa_filter-color-rot","12":"pa_filter-color-schwarz","13":"pa_filter-color-weiss","15":"first","16":"instock","17":"sale","18":"taxable","19":"shipping-taxable","20":"purchasable","21":"product-type-variable","22":"add-to-wishlist-before_image"},"exclude_global_add_ons":[],"addons":[],"acf":[],"_links":{"self":[{"href":"https:\/\/shop.kustom.ch\/fr\/wp-json\/wp\/v2\/product\/504313"}],"collection":[{"href":"https:\/\/shop.kustom.ch\/fr\/wp-json\/wp\/v2\/product"}],"about":[{"href":"https:\/\/shop.kustom.ch\/fr\/wp-json\/wp\/v2\/types\/product"}],"wp:featuredmedia":[{"embeddable":true,"href":"https:\/\/shop.kustom.ch\/fr\/wp-json\/wp\/v2\/media\/504369"}],"wp:attachment":[{"href":"https:\/\/shop.kustom.ch\/fr\/wp-json\/wp\/v2\/media?parent=504313"}],"wp:term":[{"taxonomy":"product_brand","embeddable":true,"href":"https:\/\/shop.kustom.ch\/fr\/wp-json\/wp\/v2\/product_brand?post=504313"},{"taxonomy":"product_cat","embeddable":true,"href":"https:\/\/shop.kustom.ch\/fr\/wp-json\/wp\/v2\/product_cat?post=504313"},{"taxonomy":"product_tag","embeddable":true,"href":"https:\/\/shop.kustom.ch\/fr\/wp-json\/wp\/v2\/product_tag?post=504313"}],"curies":[{"name":"wp","href":"https:\/\/api.w.org\/{rel}","templated":true}]}}