{"id":504245,"date":"2025-01-25T00:02:53","date_gmt":"2025-01-24T23:02:53","guid":{"rendered":"https:\/\/shop.kustom.ch\/?post_type=product&#038;p=504245"},"modified":"2026-03-31T10:50:57","modified_gmt":"2026-03-31T09:50:57","slug":"franklin-woman","status":"publish","type":"product","link":"https:\/\/shop.kustom.ch\/fr\/produit\/franklin-woman\/","title":{"rendered":"Femme Franklin"},"content":{"rendered":"<p>Veste l\u00e9g\u00e8re avec rembourrage Repreve recycl\u00e9. Enti\u00e8rement doubl\u00e9e avec poche int\u00e9rieure gauche sur la poitrine. Fermeture \u00e9clair principale YKK et poches poitrine et lat\u00e9rales avec fermeture \u00e9clair \u00e0 curseur. Ourlets c\u00f4tel\u00e9s aux manches et \u00e0 la taille.<\/p>\n<p>Mat\u00e9riau : Ext\u00e9rieur : 100% polyester recycl\u00e9, 56 g\/m\u00b2 avec rembourrage en 100% polyester recycl\u00e9 Repreve. Doublure : nylon 100%<\/p>","protected":false},"excerpt":{"rendered":"<p>Leichte Jacke mit recycelter Repreve-Wattierung. Voll gef\u00fcttert mit linker Brustinnentasche. YKK-Hauptreissverschluss und Brust- und Seitentaschen mit Blindreissverschluss. Gerippte Saumabschluss an \u00c4rmel und Bund. Material: Aussenmaterial: 100% recyceltes Polyester, 56 g\/m\u00b2 mit F\u00fcllung aus 100% recyceltem Polyester Repreve. Futter: 100% Nylon<\/p>","protected":false},"featured_media":504302,"template":"","meta":[],"product_brand":[],"product_cat":[4186],"product_tag":[],"class_list":{"0":"post-504245","1":"product","2":"type-product","3":"status-publish","4":"has-post-thumbnail","6":"product_cat-jacken","7":"pa_brand-harvest","8":"pa_brand-type-sportswear","9":"pa_filter-color-blau","10":"pa_filter-color-gruen","11":"pa_filter-color-schwarz","13":"first","14":"instock","15":"sale","16":"taxable","17":"shipping-taxable","18":"purchasable","19":"product-type-variable","20":"add-to-wishlist-before_image"},"exclude_global_add_ons":[],"addons":[],"acf":[],"_links":{"self":[{"href":"https:\/\/shop.kustom.ch\/fr\/wp-json\/wp\/v2\/product\/504245"}],"collection":[{"href":"https:\/\/shop.kustom.ch\/fr\/wp-json\/wp\/v2\/product"}],"about":[{"href":"https:\/\/shop.kustom.ch\/fr\/wp-json\/wp\/v2\/types\/product"}],"wp:featuredmedia":[{"embeddable":true,"href":"https:\/\/shop.kustom.ch\/fr\/wp-json\/wp\/v2\/media\/504302"}],"wp:attachment":[{"href":"https:\/\/shop.kustom.ch\/fr\/wp-json\/wp\/v2\/media?parent=504245"}],"wp:term":[{"taxonomy":"product_brand","embeddable":true,"href":"https:\/\/shop.kustom.ch\/fr\/wp-json\/wp\/v2\/product_brand?post=504245"},{"taxonomy":"product_cat","embeddable":true,"href":"https:\/\/shop.kustom.ch\/fr\/wp-json\/wp\/v2\/product_cat?post=504245"},{"taxonomy":"product_tag","embeddable":true,"href":"https:\/\/shop.kustom.ch\/fr\/wp-json\/wp\/v2\/product_tag?post=504245"}],"curies":[{"name":"wp","href":"https:\/\/api.w.org\/{rel}","templated":true}]}}