{"id":504106,"date":"2025-01-25T00:02:18","date_gmt":"2025-01-24T23:02:18","guid":{"rendered":"https:\/\/shop.kustom.ch\/?post_type=product&#038;p=504106"},"modified":"2026-03-31T10:39:44","modified_gmt":"2026-03-31T09:39:44","slug":"devons","status":"publish","type":"product","link":"https:\/\/shop.kustom.ch\/fr\/produit\/devons\/","title":{"rendered":"Devon"},"content":{"rendered":"<p>T-shirt \u00e0 la coupe d\u00e9contract\u00e9e avec des \u00e9paules recoup\u00e9es et une poche sur la poitrine. Cet article est livr\u00e9 dans un polybag biosourc\u00e9 et compostable. Certifi\u00e9 Oeko-Tex.<\/p>\n<p>Mati\u00e8re : 100% coton organique ; 210 g\/m\u00b2.<\/p>","protected":false},"excerpt":{"rendered":"<p>Locker geschnittenes T-Shirt mit \u00fcberschnittenen Schultern und Brusttasche. Dieser Artikel wird in einer biobasierten, kompostierbaren Polybag geliefert. Oeko-Tex zertifiziert. Material: 100% Organic Baumwolle ; 210 g\/m\u00b2<\/p>","protected":false},"featured_media":504115,"template":"","meta":[],"product_brand":[],"product_cat":[4191],"product_tag":[],"class_list":{"0":"post-504106","1":"product","2":"type-product","3":"status-publish","4":"has-post-thumbnail","6":"product_cat-longsleeves-sweatshirts","7":"pa_brand-harvest","8":"pa_brand-type-sportswear","9":"pa_filter-color-blau","10":"pa_filter-color-grau","11":"pa_filter-color-gruen","12":"pa_filter-color-rot","13":"pa_filter-color-schwarz","14":"pa_filter-color-weiss","16":"first","17":"instock","18":"sale","19":"taxable","20":"shipping-taxable","21":"purchasable","22":"product-type-variable","23":"add-to-wishlist-before_image"},"exclude_global_add_ons":[],"addons":[],"acf":[],"_links":{"self":[{"href":"https:\/\/shop.kustom.ch\/fr\/wp-json\/wp\/v2\/product\/504106"}],"collection":[{"href":"https:\/\/shop.kustom.ch\/fr\/wp-json\/wp\/v2\/product"}],"about":[{"href":"https:\/\/shop.kustom.ch\/fr\/wp-json\/wp\/v2\/types\/product"}],"wp:featuredmedia":[{"embeddable":true,"href":"https:\/\/shop.kustom.ch\/fr\/wp-json\/wp\/v2\/media\/504115"}],"wp:attachment":[{"href":"https:\/\/shop.kustom.ch\/fr\/wp-json\/wp\/v2\/media?parent=504106"}],"wp:term":[{"taxonomy":"product_brand","embeddable":true,"href":"https:\/\/shop.kustom.ch\/fr\/wp-json\/wp\/v2\/product_brand?post=504106"},{"taxonomy":"product_cat","embeddable":true,"href":"https:\/\/shop.kustom.ch\/fr\/wp-json\/wp\/v2\/product_cat?post=504106"},{"taxonomy":"product_tag","embeddable":true,"href":"https:\/\/shop.kustom.ch\/fr\/wp-json\/wp\/v2\/product_tag?post=504106"}],"curies":[{"name":"wp","href":"https:\/\/api.w.org\/{rel}","templated":true}]}}