{"id":504037,"date":"2025-01-25T00:01:49","date_gmt":"2025-01-24T23:01:49","guid":{"rendered":"https:\/\/shop.kustom.ch\/?post_type=product&#038;p=504037"},"modified":"2026-03-31T10:35:45","modified_gmt":"2026-03-31T09:35:45","slug":"cupertino","status":"publish","type":"product","link":"https:\/\/shop.kustom.ch\/fr\/produit\/cupertino\/","title":{"rendered":"CUPERTINO"},"content":{"rendered":"<p>Portefeuille de voyage en nylon r\u00e9sistant avec un bord d\u00e9coratif en PU. Plusieurs compartiments pour cartes de cr\u00e9dit et espace suppl\u00e9mentaire pour les cartes de visite. Une grande poche avec fermeture \u00e9clair. Doublure int\u00e9rieure marron \u00e9l\u00e9gante.<\/p>\n<p>Mati\u00e8re : nylon 1262D, bordure en PU, doublure int\u00e9rieure en polyester 100%<\/p>","protected":false},"excerpt":{"rendered":"<p>Reise-Brieftasche aus strapazierf\u00e4higem Nylon mit einem dekorativen PU-Rand. Mehrere Kreditkartenf\u00e4cher und zus\u00e4tzlicher Platz f\u00fcr Visitenkarten. Eine grosse Tasche mit Reissverschluss. Elegante braune Innenf\u00fctterung. Material: 1262D Nylon, PU-Rand, Innenfutter 100% Polyester<\/p>","protected":false},"featured_media":504045,"template":"","meta":[],"product_brand":[],"product_cat":[4195,4209],"product_tag":[],"class_list":{"0":"post-504037","1":"product","2":"type-product","3":"status-publish","4":"has-post-thumbnail","6":"product_cat-rucksaecke-taschen","7":"product_cat-zubehoer","8":"pa_brand-harvest","9":"pa_brand-type-sportswear","10":"pa_filter-color-schwarz","12":"first","13":"instock","14":"sale","15":"taxable","16":"shipping-taxable","17":"purchasable","18":"product-type-variable","19":"add-to-wishlist-before_image"},"exclude_global_add_ons":[],"addons":[],"acf":[],"_links":{"self":[{"href":"https:\/\/shop.kustom.ch\/fr\/wp-json\/wp\/v2\/product\/504037"}],"collection":[{"href":"https:\/\/shop.kustom.ch\/fr\/wp-json\/wp\/v2\/product"}],"about":[{"href":"https:\/\/shop.kustom.ch\/fr\/wp-json\/wp\/v2\/types\/product"}],"wp:featuredmedia":[{"embeddable":true,"href":"https:\/\/shop.kustom.ch\/fr\/wp-json\/wp\/v2\/media\/504045"}],"wp:attachment":[{"href":"https:\/\/shop.kustom.ch\/fr\/wp-json\/wp\/v2\/media?parent=504037"}],"wp:term":[{"taxonomy":"product_brand","embeddable":true,"href":"https:\/\/shop.kustom.ch\/fr\/wp-json\/wp\/v2\/product_brand?post=504037"},{"taxonomy":"product_cat","embeddable":true,"href":"https:\/\/shop.kustom.ch\/fr\/wp-json\/wp\/v2\/product_cat?post=504037"},{"taxonomy":"product_tag","embeddable":true,"href":"https:\/\/shop.kustom.ch\/fr\/wp-json\/wp\/v2\/product_tag?post=504037"}],"curies":[{"name":"wp","href":"https:\/\/api.w.org\/{rel}","templated":true}]}}