{"id":503970,"date":"2025-01-25T00:01:26","date_gmt":"2025-01-24T23:01:26","guid":{"rendered":"https:\/\/shop.kustom.ch\/?post_type=product&#038;p=503970"},"modified":"2026-03-31T10:56:43","modified_gmt":"2026-03-31T09:56:43","slug":"coventry-lady","status":"publish","type":"product","link":"https:\/\/shop.kustom.ch\/fr\/produit\/coventry-lady\/","title":{"rendered":"COVENTRY LADY"},"content":{"rendered":"<p>Veste de sport fonctionnelle avec coutures soud\u00e9es et fermetures \u00e0 glissi\u00e8re \u00e9tanches. Ouverture zipp\u00e9e dans la doublure et la doublure de la capuche pour la broderie et l'impression. Capuche amovible. Taille \u00e9lastique \u00e0 l'ourlet inf\u00e9rieur.<\/p>\n<p>Mati\u00e8re : polyester 100%, WP 5000\/MVP 5000<\/p>","protected":false},"excerpt":{"rendered":"<p>Funktionelle Sportjacke mit verschweissten N\u00e4hten und wasserdichten Reissverschl\u00fcssen. Reissverschluss\u00f6ffnung im Innenfutter und Kapuzenfutter f\u00fcr Stickerei und Druck. Abnehmbare Kapuze. Elastischer Bund am unteren Saum. Material: 100% Polyester, WP 5000\/MVP 5000<\/p>","protected":false},"featured_media":504026,"template":"","meta":[],"product_brand":[],"product_cat":[4186],"product_tag":[],"class_list":{"0":"post-503970","1":"product","2":"type-product","3":"status-publish","4":"has-post-thumbnail","6":"product_cat-jacken","7":"pa_brand-harvest","8":"pa_brand-type-sportswear","9":"pa_filter-color-blau","10":"pa_filter-color-schwarz","12":"first","13":"instock","14":"sale","15":"taxable","16":"shipping-taxable","17":"purchasable","18":"product-type-variable","19":"add-to-wishlist-before_image"},"exclude_global_add_ons":[],"addons":[],"acf":[],"_links":{"self":[{"href":"https:\/\/shop.kustom.ch\/fr\/wp-json\/wp\/v2\/product\/503970"}],"collection":[{"href":"https:\/\/shop.kustom.ch\/fr\/wp-json\/wp\/v2\/product"}],"about":[{"href":"https:\/\/shop.kustom.ch\/fr\/wp-json\/wp\/v2\/types\/product"}],"wp:featuredmedia":[{"embeddable":true,"href":"https:\/\/shop.kustom.ch\/fr\/wp-json\/wp\/v2\/media\/504026"}],"wp:attachment":[{"href":"https:\/\/shop.kustom.ch\/fr\/wp-json\/wp\/v2\/media?parent=503970"}],"wp:term":[{"taxonomy":"product_brand","embeddable":true,"href":"https:\/\/shop.kustom.ch\/fr\/wp-json\/wp\/v2\/product_brand?post=503970"},{"taxonomy":"product_cat","embeddable":true,"href":"https:\/\/shop.kustom.ch\/fr\/wp-json\/wp\/v2\/product_cat?post=503970"},{"taxonomy":"product_tag","embeddable":true,"href":"https:\/\/shop.kustom.ch\/fr\/wp-json\/wp\/v2\/product_tag?post=503970"}],"curies":[{"name":"wp","href":"https:\/\/api.w.org\/{rel}","templated":true}]}}