{"id":503866,"date":"2025-01-25T00:00:30","date_gmt":"2025-01-24T23:00:30","guid":{"rendered":"https:\/\/shop.kustom.ch\/?post_type=product&#038;p=503866"},"modified":"2026-03-31T10:49:37","modified_gmt":"2026-03-31T09:49:37","slug":"carson-woman","status":"publish","type":"product","link":"https:\/\/shop.kustom.ch\/fr\/produit\/carson-woman\/","title":{"rendered":"Femme Carson"},"content":{"rendered":"<p>Short moderne et bien ajust\u00e9, fabriqu\u00e9 dans une mati\u00e8re agr\u00e9able et douce pour un confort et une libert\u00e9 de mouvement optimaux. La combinaison de coton et d'\u00e9lasthanne permet au short d'\u00eatre confortable et de ne pas perdre sa forme. Le tissu est soumis \u00e0 un traitement aux enzymes qui pr\u00e9-r\u00e9tr\u00e9cit le mat\u00e9riau et le rend doux et anti-poussi\u00e8re. Poches arri\u00e8re ins\u00e9r\u00e9es. Fermeture \u00e0 glissi\u00e8re YKK.<\/p>\n<p>Mati\u00e8re : 98% coton 2% \u00e9lasthanne, 280-290g\/m\u00b2.<\/p>","protected":false},"excerpt":{"rendered":"<p>Moderne, gut sitzende Shorts aus einem angenehmen, weichen Material f\u00fcr optimalen Komfort und Bewegungsfreiheit. Die Kombination aus Baumwolle und Elastan sorgt daf\u00fcr, dass die Shorts bequem ist und die Form nicht verliert. Das Gewebe wird mit einer Enzymbehandlung versehen, die das Material vorschrumpft und es weich und staubabweisend macht. Eingesetzte Ges\u00e4sstaschen. YKK Reissverschluss. Material: 98% [&hellip;]<\/p>\n","protected":false},"featured_media":503929,"template":"","meta":[],"product_brand":[],"product_cat":[4185],"product_tag":[],"class_list":{"0":"post-503866","1":"product","2":"type-product","3":"status-publish","4":"has-post-thumbnail","6":"product_cat-hosen","7":"pa_brand-harvest","8":"pa_brand-type-sportswear","9":"pa_filter-color-beige","10":"pa_filter-color-blau","12":"first","13":"instock","14":"sale","15":"taxable","16":"shipping-taxable","17":"purchasable","18":"product-type-variable","19":"add-to-wishlist-before_image"},"exclude_global_add_ons":[],"addons":[],"acf":[],"_links":{"self":[{"href":"https:\/\/shop.kustom.ch\/fr\/wp-json\/wp\/v2\/product\/503866"}],"collection":[{"href":"https:\/\/shop.kustom.ch\/fr\/wp-json\/wp\/v2\/product"}],"about":[{"href":"https:\/\/shop.kustom.ch\/fr\/wp-json\/wp\/v2\/types\/product"}],"wp:featuredmedia":[{"embeddable":true,"href":"https:\/\/shop.kustom.ch\/fr\/wp-json\/wp\/v2\/media\/503929"}],"wp:attachment":[{"href":"https:\/\/shop.kustom.ch\/fr\/wp-json\/wp\/v2\/media?parent=503866"}],"wp:term":[{"taxonomy":"product_brand","embeddable":true,"href":"https:\/\/shop.kustom.ch\/fr\/wp-json\/wp\/v2\/product_brand?post=503866"},{"taxonomy":"product_cat","embeddable":true,"href":"https:\/\/shop.kustom.ch\/fr\/wp-json\/wp\/v2\/product_cat?post=503866"},{"taxonomy":"product_tag","embeddable":true,"href":"https:\/\/shop.kustom.ch\/fr\/wp-json\/wp\/v2\/product_tag?post=503866"}],"curies":[{"name":"wp","href":"https:\/\/api.w.org\/{rel}","templated":true}]}}