{"id":503724,"date":"2025-01-24T23:59:48","date_gmt":"2025-01-24T22:59:48","guid":{"rendered":"https:\/\/shop.kustom.ch\/?post_type=product&#038;p=503724"},"modified":"2026-03-31T10:39:47","modified_gmt":"2026-03-31T09:39:47","slug":"brookings-regular","status":"publish","type":"product","link":"https:\/\/shop.kustom.ch\/fr\/produit\/brookings-regular\/","title":{"rendered":"Brookings Regular"},"content":{"rendered":"<p>Polo tri-mati\u00e8re fonctionnel \u00e0 manches raglan en coton, polyester recycl\u00e9 et \u00e9lasthanne pour un confort optimal dans un quotidien actif. Trois boutons de couleur m\u00e9tallique, des fentes lat\u00e9rales et un bord-c\u00f4te 1\u00d71 \u00e0 la fin des manches. Le polo Brookings est disponible en trois coupes \u00e9l\u00e9gantes : Regular, Modern et une coupe cintr\u00e9e pour femmes.<\/p>\n<p>Mati\u00e8re : 52% coton, 45% polyester recycl\u00e9, 3% \u00e9lasthanne, 190 g\/m\u00b2.<\/p>","protected":false},"excerpt":{"rendered":"<p>Funktionelles Tri-Blend Poloshirt mit Raglan\u00e4rmeln aus Baumwolle, Recycled Polyester und Elasthan f\u00fcr optimalen Komfort im aktiven Alltag. Drei metallfarbene Kn\u00f6pfe, Seitenschlitze und ein 1&#215;1 Rippb\u00fcndchen am \u00c4rmelabschluss. Das Brookings Polo ist in drei stilvollen Schnitten erh\u00e4ltlich: Regular, Modern und als taillierten Damenschnitt. Material: 52% Baumwolle, 45% Recycled Polyester, 3% Elasthan, 190 g\/m\u00b2<\/p>","protected":false},"featured_media":503772,"template":"","meta":[],"product_brand":[],"product_cat":[4193],"product_tag":[],"class_list":{"0":"post-503724","1":"product","2":"type-product","3":"status-publish","4":"has-post-thumbnail","6":"product_cat-polos","7":"pa_brand-harvest","8":"pa_brand-type-sportswear","9":"pa_filter-color-blau","10":"pa_filter-color-gruen","11":"pa_filter-color-schwarz","12":"pa_filter-color-weiss","14":"first","15":"instock","16":"sale","17":"taxable","18":"shipping-taxable","19":"purchasable","20":"product-type-variable","21":"add-to-wishlist-before_image"},"exclude_global_add_ons":[],"addons":[],"acf":[],"_links":{"self":[{"href":"https:\/\/shop.kustom.ch\/fr\/wp-json\/wp\/v2\/product\/503724"}],"collection":[{"href":"https:\/\/shop.kustom.ch\/fr\/wp-json\/wp\/v2\/product"}],"about":[{"href":"https:\/\/shop.kustom.ch\/fr\/wp-json\/wp\/v2\/types\/product"}],"wp:featuredmedia":[{"embeddable":true,"href":"https:\/\/shop.kustom.ch\/fr\/wp-json\/wp\/v2\/media\/503772"}],"wp:attachment":[{"href":"https:\/\/shop.kustom.ch\/fr\/wp-json\/wp\/v2\/media?parent=503724"}],"wp:term":[{"taxonomy":"product_brand","embeddable":true,"href":"https:\/\/shop.kustom.ch\/fr\/wp-json\/wp\/v2\/product_brand?post=503724"},{"taxonomy":"product_cat","embeddable":true,"href":"https:\/\/shop.kustom.ch\/fr\/wp-json\/wp\/v2\/product_cat?post=503724"},{"taxonomy":"product_tag","embeddable":true,"href":"https:\/\/shop.kustom.ch\/fr\/wp-json\/wp\/v2\/product_tag?post=503724"}],"curies":[{"name":"wp","href":"https:\/\/api.w.org\/{rel}","templated":true}]}}