{"id":503326,"date":"2025-01-24T23:57:15","date_gmt":"2025-01-24T22:57:15","guid":{"rendered":"https:\/\/shop.kustom.ch\/?post_type=product&#038;p=503326"},"modified":"2026-03-31T10:53:14","modified_gmt":"2026-03-31T09:53:14","slug":"amherst-lady","status":"publish","type":"product","link":"https:\/\/shop.kustom.ch\/fr\/produit\/amherst-lady\/","title":{"rendered":"AMHERST LADY"},"content":{"rendered":"<p>Polo de style T-shirt en jersey simple, mais avec un col c\u00f4tel\u00e9. Bandeau de cou de couleur contrast\u00e9e. Patte de boutonnage cach\u00e9e.<\/p>\n<p>Mati\u00e8re : 100% coton ring-spun, lav\u00e9 aux enzymes et pr\u00e9-r\u00e9tr\u00e9ci<\/p>","protected":false},"excerpt":{"rendered":"<p>Polo im T-Shirt Style aus Single Jersey, aber mit geripptem Kragen. Nackenband in Kontrastfarbe. Verdeckte Knopfleiste. Material: 100% ringgesponnene Baumwolle, enzymgewaschen und vorgeschrumpft<\/p>","protected":false},"featured_media":503335,"template":"","meta":[],"product_brand":[],"product_cat":[4193],"product_tag":[],"class_list":{"0":"post-503326","1":"product","2":"type-product","3":"status-publish","4":"has-post-thumbnail","6":"product_cat-polos","7":"pa_brand-harvest","8":"pa_brand-type-sportswear","9":"pa_filter-color-grau","11":"first","12":"instock","13":"sale","14":"taxable","15":"shipping-taxable","16":"purchasable","17":"product-type-variable","18":"add-to-wishlist-before_image"},"exclude_global_add_ons":[],"addons":[],"acf":[],"_links":{"self":[{"href":"https:\/\/shop.kustom.ch\/fr\/wp-json\/wp\/v2\/product\/503326"}],"collection":[{"href":"https:\/\/shop.kustom.ch\/fr\/wp-json\/wp\/v2\/product"}],"about":[{"href":"https:\/\/shop.kustom.ch\/fr\/wp-json\/wp\/v2\/types\/product"}],"wp:featuredmedia":[{"embeddable":true,"href":"https:\/\/shop.kustom.ch\/fr\/wp-json\/wp\/v2\/media\/503335"}],"wp:attachment":[{"href":"https:\/\/shop.kustom.ch\/fr\/wp-json\/wp\/v2\/media?parent=503326"}],"wp:term":[{"taxonomy":"product_brand","embeddable":true,"href":"https:\/\/shop.kustom.ch\/fr\/wp-json\/wp\/v2\/product_brand?post=503326"},{"taxonomy":"product_cat","embeddable":true,"href":"https:\/\/shop.kustom.ch\/fr\/wp-json\/wp\/v2\/product_cat?post=503326"},{"taxonomy":"product_tag","embeddable":true,"href":"https:\/\/shop.kustom.ch\/fr\/wp-json\/wp\/v2\/product_tag?post=503326"}],"curies":[{"name":"wp","href":"https:\/\/api.w.org\/{rel}","templated":true}]}}