{"id":503187,"date":"2025-01-24T23:56:40","date_gmt":"2025-01-24T22:56:40","guid":{"rendered":"https:\/\/shop.kustom.ch\/?post_type=product&#038;p=503187"},"modified":"2026-03-31T10:53:09","modified_gmt":"2026-03-31T09:53:09","slug":"american-u-t-shirt-ladies","status":"publish","type":"product","link":"https:\/\/shop.kustom.ch\/fr\/produit\/american-u-t-shirt-ladies\/","title":{"rendered":"T-shirt American U Ladies"},"content":{"rendered":"<p>T-shirt \u00e0 col rond en version homme et femme. C\u00f4te stretch \u00e0 2 couches dans le cou. Certifi\u00e9 Oeko-Tex.<\/p>\n<p>Mati\u00e8re : 100% coton ring-spun, peign\u00e9 et lav\u00e9 aux enzymes, 180 g\/m<\/p>","protected":false},"excerpt":{"rendered":"<p>Rundhals T-Shirt als Herren und Damen Version. 2-lagige Stretchrippe im Nacken. Oeko-Tex zertifiziert. Material: 100% ringgesponnene, gek\u00e4mmte und enzymgewaschene Baumwolle, 180 g\/m\u00b2<\/p>","protected":false},"featured_media":503212,"template":"","meta":[],"product_brand":[],"product_cat":[4201],"product_tag":[],"class_list":{"0":"post-503187","1":"product","2":"type-product","3":"status-publish","4":"has-post-thumbnail","6":"product_cat-t-shirts","7":"pa_brand-harvest","8":"pa_brand-type-sportswear","9":"pa_filter-color-blau","10":"pa_filter-color-grau","11":"pa_filter-color-gruen","12":"pa_filter-color-rot","13":"pa_filter-color-schwarz","14":"pa_filter-color-weiss","16":"first","17":"instock","18":"sale","19":"taxable","20":"shipping-taxable","21":"purchasable","22":"product-type-variable","23":"add-to-wishlist-before_image"},"exclude_global_add_ons":[],"addons":[],"acf":[],"_links":{"self":[{"href":"https:\/\/shop.kustom.ch\/fr\/wp-json\/wp\/v2\/product\/503187"}],"collection":[{"href":"https:\/\/shop.kustom.ch\/fr\/wp-json\/wp\/v2\/product"}],"about":[{"href":"https:\/\/shop.kustom.ch\/fr\/wp-json\/wp\/v2\/types\/product"}],"wp:featuredmedia":[{"embeddable":true,"href":"https:\/\/shop.kustom.ch\/fr\/wp-json\/wp\/v2\/media\/503212"}],"wp:attachment":[{"href":"https:\/\/shop.kustom.ch\/fr\/wp-json\/wp\/v2\/media?parent=503187"}],"wp:term":[{"taxonomy":"product_brand","embeddable":true,"href":"https:\/\/shop.kustom.ch\/fr\/wp-json\/wp\/v2\/product_brand?post=503187"},{"taxonomy":"product_cat","embeddable":true,"href":"https:\/\/shop.kustom.ch\/fr\/wp-json\/wp\/v2\/product_cat?post=503187"},{"taxonomy":"product_tag","embeddable":true,"href":"https:\/\/shop.kustom.ch\/fr\/wp-json\/wp\/v2\/product_tag?post=503187"}],"curies":[{"name":"wp","href":"https:\/\/api.w.org\/{rel}","templated":true}]}}