{"id":502912,"date":"2025-01-24T23:55:22","date_gmt":"2025-01-24T22:55:22","guid":{"rendered":"https:\/\/shop.kustom.ch\/?post_type=product&#038;p=502912"},"modified":"2026-04-01T11:54:10","modified_gmt":"2026-04-01T10:54:10","slug":"alder-heights-woman","status":"publish","type":"product","link":"https:\/\/shop.kustom.ch\/fr\/produit\/alder-heights-woman\/","title":{"rendered":"Femme d'Alder Heights"},"content":{"rendered":"<p>Sweat col rond style coll\u00e8ge avec demi-lune dans la nuque. Int\u00e9rieur bross\u00e9.<br \/>\nFinitions c\u00f4tel\u00e9es aux manches et \u00e0 l'ourlet. Certifi\u00e9 Oeko-Tex 100, OCS &amp; GRS.<\/p>\n<p>Mati\u00e8re : 85% coton organique, 15% polyester recycl\u00e9, 300 g\/m\u00b2.<\/p>","protected":false},"excerpt":{"rendered":"<p>Rundhals Sweater im College Style mit Halbmond im Nacken. Innen geb\u00fcrstet. Gerippte Abschl\u00fcsse an \u00c4rmeln und Saum. \u00d6ko-Tex 100, OCS &amp; GRS zertifiziert. Material: 85% Organic Baumwolle, 15% Recycled Polyester, 300 g\/m\u00b2<\/p>","protected":false},"featured_media":502936,"template":"","meta":[],"product_brand":[],"product_cat":[4191],"product_tag":[],"class_list":{"0":"post-502912","1":"product","2":"type-product","3":"status-publish","4":"has-post-thumbnail","6":"product_cat-longsleeves-sweatshirts","7":"pa_brand-harvest","8":"pa_brand-type-sportswear","9":"pa_filter-color-blau","10":"pa_filter-color-grau","11":"pa_filter-color-gruen","12":"pa_filter-color-schwarz","14":"first","15":"instock","16":"sale","17":"taxable","18":"shipping-taxable","19":"purchasable","20":"product-type-variable","21":"add-to-wishlist-before_image"},"exclude_global_add_ons":[],"addons":[],"acf":[],"_links":{"self":[{"href":"https:\/\/shop.kustom.ch\/fr\/wp-json\/wp\/v2\/product\/502912"}],"collection":[{"href":"https:\/\/shop.kustom.ch\/fr\/wp-json\/wp\/v2\/product"}],"about":[{"href":"https:\/\/shop.kustom.ch\/fr\/wp-json\/wp\/v2\/types\/product"}],"wp:featuredmedia":[{"embeddable":true,"href":"https:\/\/shop.kustom.ch\/fr\/wp-json\/wp\/v2\/media\/502936"}],"wp:attachment":[{"href":"https:\/\/shop.kustom.ch\/fr\/wp-json\/wp\/v2\/media?parent=502912"}],"wp:term":[{"taxonomy":"product_brand","embeddable":true,"href":"https:\/\/shop.kustom.ch\/fr\/wp-json\/wp\/v2\/product_brand?post=502912"},{"taxonomy":"product_cat","embeddable":true,"href":"https:\/\/shop.kustom.ch\/fr\/wp-json\/wp\/v2\/product_cat?post=502912"},{"taxonomy":"product_tag","embeddable":true,"href":"https:\/\/shop.kustom.ch\/fr\/wp-json\/wp\/v2\/product_tag?post=502912"}],"curies":[{"name":"wp","href":"https:\/\/api.w.org\/{rel}","templated":true}]}}