{"id":502741,"date":"2025-01-24T23:47:51","date_gmt":"2025-01-24T22:47:51","guid":{"rendered":"https:\/\/shop.kustom.ch\/?post_type=product&#038;p=502741"},"modified":"2026-03-31T11:39:05","modified_gmt":"2026-03-31T10:39:05","slug":"wedderburn-jacket-men","status":"publish","type":"product","link":"https:\/\/shop.kustom.ch\/fr\/produit\/wedderburn-jacket-men\/","title":{"rendered":"Veste Wedderburn Hommes"},"content":{"rendered":"<p>Con\u00e7u en polyester recycl\u00e9 WeatherTec\u2122 de haute qualit\u00e9, m\u00e9lang\u00e9 \u00e0 du spandex pour offrir une protection fiable contre la pluie. Dot\u00e9 d'une technologie d'assemblage avec coutures scell\u00e9es, il est coupe-vent et imperm\u00e9able, tout en \u00e9tant enti\u00e8rement respirant pour \u00e9viter d'avoir trop chaud pendant que tu explores la nature, sans pour autant renoncer au style. Il est \u00e9quip\u00e9 de fermetures \u00e9clair \u00e9tanches et d'une poche int\u00e9rieure particuli\u00e8rement pratique pour ranger les objets de valeur, ainsi que d'une capuche amovible. La taille de ce mod\u00e8le pour femmes peut \u00eatre ajust\u00e9e \u00e0 l'aide d'un cordon de serrage. Parfait pour le porter par-dessus l'une de nos pi\u00e8ces de superposition lors d'une journ\u00e9e froide et claire.<\/p>\n<p>Mati\u00e8re : 90% polyester recycl\u00e9, 10% \u00e9lasthanne<\/p>","protected":false},"excerpt":{"rendered":"<p>Entworfen aus hochwertigem WeatherTec\u2122 recyceltem Polyester, gemischt mit Spandex, um zuverl\u00e4ssigen Schutz vor Regen zu bieten. Mit nahtversiegelter Verbindungstechnologie ist es winddicht und wasserdicht, dabei aber voll atmungsaktiv, um zu verhindern, dass Ihnen zu heiss wird, w\u00e4hrend Sie die Natur erkunden, ohne dabei auf Stil zu verzichten. Ausgestattet mit wasserdichten Reissverschl\u00fcssen und einer Innentasche, die [&hellip;]<\/p>\n","protected":false},"featured_media":502774,"template":"","meta":[],"product_brand":[],"product_cat":[4186],"product_tag":[],"class_list":{"0":"post-502741","1":"product","2":"type-product","3":"status-publish","4":"has-post-thumbnail","6":"product_cat-jacken","7":"pa_brand-cutter-buck","8":"pa_brand-type-sportswear","9":"pa_filter-color-schwarz","11":"first","12":"instock","13":"sale","14":"taxable","15":"shipping-taxable","16":"purchasable","17":"product-type-variable","18":"add-to-wishlist-before_image"},"exclude_global_add_ons":[],"addons":[],"acf":[],"_links":{"self":[{"href":"https:\/\/shop.kustom.ch\/fr\/wp-json\/wp\/v2\/product\/502741"}],"collection":[{"href":"https:\/\/shop.kustom.ch\/fr\/wp-json\/wp\/v2\/product"}],"about":[{"href":"https:\/\/shop.kustom.ch\/fr\/wp-json\/wp\/v2\/types\/product"}],"wp:featuredmedia":[{"embeddable":true,"href":"https:\/\/shop.kustom.ch\/fr\/wp-json\/wp\/v2\/media\/502774"}],"wp:attachment":[{"href":"https:\/\/shop.kustom.ch\/fr\/wp-json\/wp\/v2\/media?parent=502741"}],"wp:term":[{"taxonomy":"product_brand","embeddable":true,"href":"https:\/\/shop.kustom.ch\/fr\/wp-json\/wp\/v2\/product_brand?post=502741"},{"taxonomy":"product_cat","embeddable":true,"href":"https:\/\/shop.kustom.ch\/fr\/wp-json\/wp\/v2\/product_cat?post=502741"},{"taxonomy":"product_tag","embeddable":true,"href":"https:\/\/shop.kustom.ch\/fr\/wp-json\/wp\/v2\/product_tag?post=502741"}],"curies":[{"name":"wp","href":"https:\/\/api.w.org\/{rel}","templated":true}]}}