{"id":502671,"date":"2025-01-24T23:47:32","date_gmt":"2025-01-24T22:47:32","guid":{"rendered":"https:\/\/shop.kustom.ch\/?post_type=product&#038;p=502671"},"modified":"2026-03-31T11:35:43","modified_gmt":"2026-03-31T10:35:43","slug":"virtue-eco-polo-solid-men","status":"publish","type":"product","link":"https:\/\/shop.kustom.ch\/fr\/produit\/virtue-eco-polo-solid-men\/","title":{"rendered":"Virtue Eco Polo Solid Men"},"content":{"rendered":"<p>Notre polo \u00e9cologique vous permet de vous habiller sans effort.Le tissu polyester DryTec\u2122 recycl\u00e9, l\u00e9ger et de haute qualit\u00e9, certifi\u00e9 \u00e9cologique, assure un confort maximal et est parfait pour les sorties informelles et les activit\u00e9s actives. L'\u00e9lasthanne apporte du stretch, un effet rafra\u00eechissant et une protection contre les UV. Le polo le plus polyvalent, le plus durable et le plus confortable pour vous et pour la plan\u00e8te.<\/p>\n<p>Mati\u00e8re : 95% polyester recycl\u00e9, 5% \u00e9lasthanne<\/p>","protected":false},"excerpt":{"rendered":"<p>Mit unserem umweltfreundlichen Poloshirt k\u00f6nnen Sie sich m\u00fchelos stylen.Der leichte, hochwertige, zertifizierte umweltfreundliche recycelte DryTec\u2122-Polyesterstoff sorgt f\u00fcr maximalen Komfort und ist perfekt f\u00fcr informelle Ausfl\u00fcge und aktive Unternehmungen. Elasthan sorgt f\u00fcr Stretch, einen k\u00fchlenden Effekt und UV-Schutz. Das vielseitigste, nachhaltigste und bequemste Poloshirt f\u00fcr Sie und den Planeten. Material: 95% Recycling-Polyester, 5% Elastan<\/p>","protected":false},"featured_media":502721,"template":"","meta":[],"product_brand":[],"product_cat":[4193],"product_tag":[],"class_list":{"0":"post-502671","1":"product","2":"type-product","3":"status-publish","4":"has-post-thumbnail","6":"product_cat-polos","7":"pa_brand-cutter-buck","8":"pa_brand-type-sportswear","9":"pa_filter-color-blau","10":"pa_filter-color-schwarz","11":"pa_filter-color-weiss","13":"first","14":"instock","15":"sale","16":"taxable","17":"shipping-taxable","18":"purchasable","19":"product-type-variable","20":"add-to-wishlist-before_image"},"exclude_global_add_ons":[],"addons":[],"acf":[],"_links":{"self":[{"href":"https:\/\/shop.kustom.ch\/fr\/wp-json\/wp\/v2\/product\/502671"}],"collection":[{"href":"https:\/\/shop.kustom.ch\/fr\/wp-json\/wp\/v2\/product"}],"about":[{"href":"https:\/\/shop.kustom.ch\/fr\/wp-json\/wp\/v2\/types\/product"}],"wp:featuredmedia":[{"embeddable":true,"href":"https:\/\/shop.kustom.ch\/fr\/wp-json\/wp\/v2\/media\/502721"}],"wp:attachment":[{"href":"https:\/\/shop.kustom.ch\/fr\/wp-json\/wp\/v2\/media?parent=502671"}],"wp:term":[{"taxonomy":"product_brand","embeddable":true,"href":"https:\/\/shop.kustom.ch\/fr\/wp-json\/wp\/v2\/product_brand?post=502671"},{"taxonomy":"product_cat","embeddable":true,"href":"https:\/\/shop.kustom.ch\/fr\/wp-json\/wp\/v2\/product_cat?post=502671"},{"taxonomy":"product_tag","embeddable":true,"href":"https:\/\/shop.kustom.ch\/fr\/wp-json\/wp\/v2\/product_tag?post=502671"}],"curies":[{"name":"wp","href":"https:\/\/api.w.org\/{rel}","templated":true}]}}