{"id":502335,"date":"2025-01-24T23:45:50","date_gmt":"2025-01-24T22:45:50","guid":{"rendered":"https:\/\/shop.kustom.ch\/?post_type=product&#038;p=502335"},"modified":"2026-03-31T11:46:56","modified_gmt":"2026-03-31T10:46:56","slug":"summerland-linen-shirt-ladies","status":"publish","type":"product","link":"https:\/\/shop.kustom.ch\/fr\/produit\/summerland-linen-shirt-ladies\/","title":{"rendered":"Summerland Linen Shirt Ladies"},"content":{"rendered":"<p>Une chemise premium \u00e0 manches longues en pur lin. Tissu l\u00e9ger et a\u00e9r\u00e9 \u00e0 la texture caract\u00e9ristique. Coupe moderne avec taille moul\u00e9e et d\u00e9tails de couture contrast\u00e9s. Poignets r\u00e9glables \u00e0 deux boutons, discr\u00e8tement orn\u00e9s de notre logo C&amp;B sur l'ouverture sup\u00e9rieure de la manche. Dans la version homme, avec poche poitrine.<\/p>\n<p>Mat\u00e9riau : 100% Linen<\/p>","protected":false},"excerpt":{"rendered":"<p>Ein Premium Langarm Hemd aus reinem Leinen. Leichter und luftiger Stoff mit charakteristischer Textur. Moderner Schnitt mit geformter Taille und kontrastreichen Nahtdetails. Verstellbare Zwei Knopf Manschetten, die mit unserem C&amp;B Logo auf der oberen \u00c4rmel\u00f6ffnung dezent versehen sind. In der Herrenversion mit Brusttasche. Material: 100% Linen<\/p>","protected":false},"featured_media":502360,"template":"","meta":[],"product_brand":[],"product_cat":[9895],"product_tag":[],"class_list":{"0":"post-502335","1":"product","2":"type-product","3":"status-publish","4":"has-post-thumbnail","6":"product_cat-blusen","7":"pa_brand-cutter-buck","8":"pa_brand-type-sportswear","9":"pa_filter-color-blau","10":"pa_filter-color-weiss","12":"first","13":"instock","14":"sale","15":"taxable","16":"shipping-taxable","17":"purchasable","18":"product-type-variable","19":"add-to-wishlist-before_image"},"exclude_global_add_ons":[],"addons":[],"acf":[],"_links":{"self":[{"href":"https:\/\/shop.kustom.ch\/fr\/wp-json\/wp\/v2\/product\/502335"}],"collection":[{"href":"https:\/\/shop.kustom.ch\/fr\/wp-json\/wp\/v2\/product"}],"about":[{"href":"https:\/\/shop.kustom.ch\/fr\/wp-json\/wp\/v2\/types\/product"}],"wp:featuredmedia":[{"embeddable":true,"href":"https:\/\/shop.kustom.ch\/fr\/wp-json\/wp\/v2\/media\/502360"}],"wp:attachment":[{"href":"https:\/\/shop.kustom.ch\/fr\/wp-json\/wp\/v2\/media?parent=502335"}],"wp:term":[{"taxonomy":"product_brand","embeddable":true,"href":"https:\/\/shop.kustom.ch\/fr\/wp-json\/wp\/v2\/product_brand?post=502335"},{"taxonomy":"product_cat","embeddable":true,"href":"https:\/\/shop.kustom.ch\/fr\/wp-json\/wp\/v2\/product_cat?post=502335"},{"taxonomy":"product_tag","embeddable":true,"href":"https:\/\/shop.kustom.ch\/fr\/wp-json\/wp\/v2\/product_tag?post=502335"}],"curies":[{"name":"wp","href":"https:\/\/api.w.org\/{rel}","templated":true}]}}