{"id":502266,"date":"2025-01-24T23:45:31","date_gmt":"2025-01-24T22:45:31","guid":{"rendered":"https:\/\/shop.kustom.ch\/?post_type=product&#038;p=502266"},"modified":"2026-03-31T11:39:19","modified_gmt":"2026-03-31T10:39:19","slug":"snoqualmie-vest-men","status":"publish","type":"product","link":"https:\/\/shop.kustom.ch\/fr\/produit\/snoqualmie-vest-men\/","title":{"rendered":"Gilet Snoqualmie Hommes"},"content":{"rendered":"<p>Notre gilet polaire embl\u00e9matique Snoqualmie vous garde au chaud et confortable pendant les journ\u00e9es fra\u00eeches en ville et sur le terrain de golf. Il est \u00e9quip\u00e9 de fermetures \u00e0 glissi\u00e8re YKK de couleur contrast\u00e9e sur toute la longueur de la fermeture \u00e0 glissi\u00e8re principale et des poches. Le mat\u00e9riau polaire \u00e0 s\u00e9chage rapide avec des propri\u00e9t\u00e9s stretch suppl\u00e9mentaires est la couche parfaite pour les aventures en plein air.<\/p>\n<p>Mati\u00e8re : 92% polyester, 8% \u00e9lasthanne<\/p>","protected":false},"excerpt":{"rendered":"<p>Unsere kultige Snoqualmie Fleeceweste h\u00e4lt Sie an k\u00fchlen Tagen in der Stadt und auf dem Golfplatz warm und ist bequem zu tragen. Ausgestattet mit verschliessbaren YKK Reissverschl\u00fcssen in Kontrastfarben am durchgehenden Hauptreissverschluss und den Taschen. Das schnelltrocknende Fleece Material mit zus\u00e4tzlichen Stretch Eigenschaften ist die perfekte Schicht f\u00fcr Outdoor Abenteuer. Material: 92% Polyester, 8% Elasthan<\/p>","protected":false},"featured_media":502288,"template":"","meta":[],"product_brand":[],"product_cat":[4184],"product_tag":[],"class_list":{"0":"post-502266","1":"product","2":"type-product","3":"status-publish","4":"has-post-thumbnail","6":"product_cat-hoodies-pullover","7":"pa_brand-cutter-buck","8":"pa_brand-type-sportswear","9":"pa_filter-color-blau","10":"pa_filter-color-grau","11":"pa_filter-color-schwarz","13":"first","14":"instock","15":"sale","16":"taxable","17":"shipping-taxable","18":"purchasable","19":"product-type-variable","20":"add-to-wishlist-before_image"},"exclude_global_add_ons":[],"addons":[],"acf":[],"_links":{"self":[{"href":"https:\/\/shop.kustom.ch\/fr\/wp-json\/wp\/v2\/product\/502266"}],"collection":[{"href":"https:\/\/shop.kustom.ch\/fr\/wp-json\/wp\/v2\/product"}],"about":[{"href":"https:\/\/shop.kustom.ch\/fr\/wp-json\/wp\/v2\/types\/product"}],"wp:featuredmedia":[{"embeddable":true,"href":"https:\/\/shop.kustom.ch\/fr\/wp-json\/wp\/v2\/media\/502288"}],"wp:attachment":[{"href":"https:\/\/shop.kustom.ch\/fr\/wp-json\/wp\/v2\/media?parent=502266"}],"wp:term":[{"taxonomy":"product_brand","embeddable":true,"href":"https:\/\/shop.kustom.ch\/fr\/wp-json\/wp\/v2\/product_brand?post=502266"},{"taxonomy":"product_cat","embeddable":true,"href":"https:\/\/shop.kustom.ch\/fr\/wp-json\/wp\/v2\/product_cat?post=502266"},{"taxonomy":"product_tag","embeddable":true,"href":"https:\/\/shop.kustom.ch\/fr\/wp-json\/wp\/v2\/product_tag?post=502266"}],"curies":[{"name":"wp","href":"https:\/\/api.w.org\/{rel}","templated":true}]}}