{"id":502197,"date":"2025-01-24T23:45:11","date_gmt":"2025-01-24T22:45:11","guid":{"rendered":"https:\/\/shop.kustom.ch\/?post_type=product&#038;p=502197"},"modified":"2026-03-31T11:45:34","modified_gmt":"2026-03-31T10:45:34","slug":"snoqualmie-jacket-ladies","status":"publish","type":"product","link":"https:\/\/shop.kustom.ch\/fr\/produit\/snoqualmie-jacket-ladies\/","title":{"rendered":"Veste Snoqualmie Ladies"},"content":{"rendered":"<p>Notre l\u00e9gendaire veste polaire Snoqualmie vous tiendra agr\u00e9ablement chaud lors des journ\u00e9es fra\u00eeches en ville ou sur le terrain de golf. Dot\u00e9e d'une fermeture \u00e9clair YKK sur le devant et de poches de couleur contrast\u00e9e. Ce tissu polaire \u00e0 s\u00e9chage rapide avec des capacit\u00e9s d'extension suppl\u00e9mentaires est la couche parfaite pour les aventures en plein air.<\/p>\n<p>Mati\u00e8re : 92% polyester, 8% \u00e9lasthanne<\/p>","protected":false},"excerpt":{"rendered":"<p>Unser legend\u00e4re Snoqualmie Fleecejacke h\u00e4lt Sie an frischen Tagen in der Stadt und auf dem Golfplatz angenehme warm. Ausgestattet mit YKK Reissverschluss vorne und an Taschen in Kontrastfarbe. Dieser schnelltrocknende Fleece Stoff mit zus\u00e4tzlichen Dehnf\u00e4higkeiten ist die perfekte Schicht f\u00fcr Outdoor Abenteuer. Material: 92% Polyester, 8% Elasthan<\/p>","protected":false},"featured_media":502204,"template":"","meta":[],"product_brand":[],"product_cat":[4184],"product_tag":[],"class_list":{"0":"post-502197","1":"product","2":"type-product","3":"status-publish","4":"has-post-thumbnail","6":"product_cat-hoodies-pullover","7":"pa_brand-cutter-buck","8":"pa_brand-type-sportswear","9":"pa_filter-color-blau","10":"pa_filter-color-grau","11":"pa_filter-color-schwarz","12":"pa_filter-color-weiss","14":"first","15":"instock","16":"sale","17":"taxable","18":"shipping-taxable","19":"purchasable","20":"product-type-variable","21":"add-to-wishlist-before_image"},"exclude_global_add_ons":[],"addons":[],"acf":[],"_links":{"self":[{"href":"https:\/\/shop.kustom.ch\/fr\/wp-json\/wp\/v2\/product\/502197"}],"collection":[{"href":"https:\/\/shop.kustom.ch\/fr\/wp-json\/wp\/v2\/product"}],"about":[{"href":"https:\/\/shop.kustom.ch\/fr\/wp-json\/wp\/v2\/types\/product"}],"wp:featuredmedia":[{"embeddable":true,"href":"https:\/\/shop.kustom.ch\/fr\/wp-json\/wp\/v2\/media\/502204"}],"wp:attachment":[{"href":"https:\/\/shop.kustom.ch\/fr\/wp-json\/wp\/v2\/media?parent=502197"}],"wp:term":[{"taxonomy":"product_brand","embeddable":true,"href":"https:\/\/shop.kustom.ch\/fr\/wp-json\/wp\/v2\/product_brand?post=502197"},{"taxonomy":"product_cat","embeddable":true,"href":"https:\/\/shop.kustom.ch\/fr\/wp-json\/wp\/v2\/product_cat?post=502197"},{"taxonomy":"product_tag","embeddable":true,"href":"https:\/\/shop.kustom.ch\/fr\/wp-json\/wp\/v2\/product_tag?post=502197"}],"curies":[{"name":"wp","href":"https:\/\/api.w.org\/{rel}","templated":true}]}}