{"id":502130,"date":"2025-01-24T23:44:46","date_gmt":"2025-01-24T22:44:46","guid":{"rendered":"https:\/\/shop.kustom.ch\/?post_type=product&#038;p=502130"},"modified":"2026-03-31T11:46:38","modified_gmt":"2026-03-31T10:46:38","slug":"silverdale-jacket-ladies","status":"publish","type":"product","link":"https:\/\/shop.kustom.ch\/fr\/produit\/silverdale-jacket-ladies\/","title":{"rendered":"Veste Silverdale Ladies"},"content":{"rendered":"<p>Silverdale est une veste ultra douce et confortable qui peut \u00eatre port\u00e9e tous les jours au bureau ou lors de voyages d'affaires. La veste se range facilement dans un bagage \u00e0 main et n'ajoute presque pas de poids. Nous avons ajout\u00e9 une doublure en Dupont Sorona\u00aeSustans\u00ae, qui est compos\u00e9e de fibres renouvelables. Le processus de production de Sustans\u00ae consomme 30% d'\u00e9nergie en moins et se compose \u00e0 37% de fibres renouvelables par rapport aux doublures traditionnelles. La veste est \u00e9quip\u00e9e de fermetures \u00e0 glissi\u00e8re YKK VISLON\u00ae et de fermetures \u00e0 glissi\u00e8re C&amp;B. Elle est \u00e9galement dot\u00e9e d'un syst\u00e8me d'ouverture et de fermeture automatique.<\/p>\n<p>Composition : ext\u00e9rieur : nylon 100%, rembourrage : polyester 100%, doublure : polyester 100%<\/p>","protected":false},"excerpt":{"rendered":"<p>Silverdale ist eine ultraweiche und bequeme Jacke, die jeden Tag im B\u00fcro und auf Gesch\u00e4ftsreisen getragen werden kann. Die Jacke l\u00e4sst sich leicht im Handgep\u00e4ck verstauen und bringt fast kein zus\u00e4tzliches Gewicht mit sich. Wir haben eine F\u00fctterung aus Dupont Sorona\u00aeSustans\u00ae hinzugef\u00fcgt, die aus erneuerbaren Fasern besteht. Der Produktionsprozess von Sustans\u00ae verbraucht 30% weniger Energie [&hellip;]<\/p>\n","protected":false},"featured_media":502172,"template":"","meta":[],"product_brand":[],"product_cat":[4186],"product_tag":[],"class_list":{"0":"post-502130","1":"product","2":"type-product","3":"status-publish","4":"has-post-thumbnail","6":"product_cat-jacken","7":"pa_brand-cutter-buck","8":"pa_brand-type-sportswear","9":"pa_filter-color-blau","10":"pa_filter-color-schwarz","12":"first","13":"instock","14":"sale","15":"taxable","16":"shipping-taxable","17":"purchasable","18":"product-type-variable","19":"add-to-wishlist-before_image"},"exclude_global_add_ons":[],"addons":[],"acf":[],"_links":{"self":[{"href":"https:\/\/shop.kustom.ch\/fr\/wp-json\/wp\/v2\/product\/502130"}],"collection":[{"href":"https:\/\/shop.kustom.ch\/fr\/wp-json\/wp\/v2\/product"}],"about":[{"href":"https:\/\/shop.kustom.ch\/fr\/wp-json\/wp\/v2\/types\/product"}],"wp:featuredmedia":[{"embeddable":true,"href":"https:\/\/shop.kustom.ch\/fr\/wp-json\/wp\/v2\/media\/502172"}],"wp:attachment":[{"href":"https:\/\/shop.kustom.ch\/fr\/wp-json\/wp\/v2\/media?parent=502130"}],"wp:term":[{"taxonomy":"product_brand","embeddable":true,"href":"https:\/\/shop.kustom.ch\/fr\/wp-json\/wp\/v2\/product_brand?post=502130"},{"taxonomy":"product_cat","embeddable":true,"href":"https:\/\/shop.kustom.ch\/fr\/wp-json\/wp\/v2\/product_cat?post=502130"},{"taxonomy":"product_tag","embeddable":true,"href":"https:\/\/shop.kustom.ch\/fr\/wp-json\/wp\/v2\/product_tag?post=502130"}],"curies":[{"name":"wp","href":"https:\/\/api.w.org\/{rel}","templated":true}]}}