{"id":501993,"date":"2025-01-24T23:44:04","date_gmt":"2025-01-24T22:44:04","guid":{"rendered":"https:\/\/shop.kustom.ch\/?post_type=product&#038;p=501993"},"modified":"2026-03-31T11:43:07","modified_gmt":"2026-03-31T10:43:07","slug":"seabeck-polo-ladies","status":"publish","type":"product","link":"https:\/\/shop.kustom.ch\/fr\/produit\/seabeck-polo-ladies\/","title":{"rendered":"Seabeck Polo Ladies"},"content":{"rendered":"<p>Notre dernier polo Performance avec protection UV CBDryTec +30 UPF dans le tissu, design avec passepoil contrast\u00e9 et passepoil d\u00e9coratif, assure un style de vie actif. Ce polo \u00e0 manches courtes confortable est super doux sur la peau et \u00e9vacue efficacement la transpiration du corps. Patte de boutonnage avec boutons cach\u00e9s.<\/p>\n<p>Mat\u00e9riau : polyester 100%<\/p>","protected":false},"excerpt":{"rendered":"<p>Unser neustes Performance Polo mit CBDryTec +30 UPF UV Schutz im Gewebe, design mit kontrastfarbener Passe und Zierpaspel und sorgt so f\u00fcr einen aktiven Lebensstil. Dieses bequeme Kurzarmpolo f\u00fchlt sich super weich auf der Haut an und leitet den Schweiss effizient vom K\u00f6rper ab. Knopfleiste mit versteckten Kn\u00f6pfen. Material: 100% Polyester<\/p>","protected":false},"featured_media":502032,"template":"","meta":[],"product_brand":[],"product_cat":[4193],"product_tag":[],"class_list":{"0":"post-501993","1":"product","2":"type-product","3":"status-publish","4":"has-post-thumbnail","6":"product_cat-polos","7":"pa_brand-cutter-buck","8":"pa_brand-type-sportswear","9":"pa_filter-color-blau","10":"pa_filter-color-grau","11":"pa_filter-color-pink","12":"pa_filter-color-rot","13":"pa_filter-color-schwarz","14":"pa_filter-color-weiss","16":"first","17":"instock","18":"sale","19":"taxable","20":"shipping-taxable","21":"purchasable","22":"product-type-variable","23":"add-to-wishlist-before_image"},"exclude_global_add_ons":[],"addons":[],"acf":[],"_links":{"self":[{"href":"https:\/\/shop.kustom.ch\/fr\/wp-json\/wp\/v2\/product\/501993"}],"collection":[{"href":"https:\/\/shop.kustom.ch\/fr\/wp-json\/wp\/v2\/product"}],"about":[{"href":"https:\/\/shop.kustom.ch\/fr\/wp-json\/wp\/v2\/types\/product"}],"wp:featuredmedia":[{"embeddable":true,"href":"https:\/\/shop.kustom.ch\/fr\/wp-json\/wp\/v2\/media\/502032"}],"wp:attachment":[{"href":"https:\/\/shop.kustom.ch\/fr\/wp-json\/wp\/v2\/media?parent=501993"}],"wp:term":[{"taxonomy":"product_brand","embeddable":true,"href":"https:\/\/shop.kustom.ch\/fr\/wp-json\/wp\/v2\/product_brand?post=501993"},{"taxonomy":"product_cat","embeddable":true,"href":"https:\/\/shop.kustom.ch\/fr\/wp-json\/wp\/v2\/product_cat?post=501993"},{"taxonomy":"product_tag","embeddable":true,"href":"https:\/\/shop.kustom.ch\/fr\/wp-json\/wp\/v2\/product_tag?post=501993"}],"curies":[{"name":"wp","href":"https:\/\/api.w.org\/{rel}","templated":true}]}}