{"id":501991,"date":"2025-01-24T23:44:04","date_gmt":"2025-01-24T22:44:04","guid":{"rendered":"https:\/\/shop.kustom.ch\/?post_type=product&#038;p=501991"},"modified":"2026-03-31T11:37:31","modified_gmt":"2026-03-31T10:37:31","slug":"salish-pants-men","status":"publish","type":"product","link":"https:\/\/shop.kustom.ch\/fr\/produit\/salish-pants-men\/","title":{"rendered":"Salish pants Men"},"content":{"rendered":"<p>Le pantalon ainsi que le short sont fabriqu\u00e9s en mati\u00e8re stretch r\u00e9sistante avec une fonction de s\u00e9chage rapide et de nombreuses caract\u00e9ristiques techniques. Con\u00e7us pour une bonne libert\u00e9 de mouvement et un style de vie actif. R\u00e9glage de la taille et coussinets en silicone \u00e0 la ceinture pour une tenue optimale. Le mat\u00e9riau DryTec r\u00e9gule la formation d'humidit\u00e9 et s\u00e8che rapidement pour que vous vous sentiez bien \u00e0 tout moment. Les deux mod\u00e8les sont id\u00e9aux sur le terrain de golf ou comme pantalon de travail r\u00e9sistant.<\/p>\n<p>Mati\u00e8re : 88% polyester,12% \u00e9lasthanne<\/p>","protected":false},"excerpt":{"rendered":"<p>Die Hose sowie die Shorts bestehen aus strapazierf\u00e4higem Stretchmaterial mit Schnelltrocknungsfunktion und vielen technischen Features. Entwickelt f\u00fcr eine gute Bewegungsfreiheit und einen aktiven Lebensstil. Tailliengr\u00f6ssenregulierung und Silikonpads am Bund f\u00fcr einen optimalen Sitz. Das DryTec Material reguliert die Feuchtigkeitsbildung und ist schnelltrocknend, damit Sie sich jederzeit wohl f\u00fchlen. Beide Modelle eignen sich ideal auf dem [&hellip;]<\/p>\n","protected":false},"featured_media":502015,"template":"","meta":[],"product_brand":[],"product_cat":[4185],"product_tag":[],"class_list":{"0":"post-501991","1":"product","2":"type-product","3":"status-publish","4":"has-post-thumbnail","6":"product_cat-hosen","7":"pa_brand-cutter-buck","8":"pa_brand-type-sportswear","9":"pa_filter-color-blau","10":"pa_filter-color-schwarz","12":"first","13":"instock","14":"sale","15":"taxable","16":"shipping-taxable","17":"purchasable","18":"product-type-variable","19":"add-to-wishlist-before_image"},"exclude_global_add_ons":[],"addons":[],"acf":[],"_links":{"self":[{"href":"https:\/\/shop.kustom.ch\/fr\/wp-json\/wp\/v2\/product\/501991"}],"collection":[{"href":"https:\/\/shop.kustom.ch\/fr\/wp-json\/wp\/v2\/product"}],"about":[{"href":"https:\/\/shop.kustom.ch\/fr\/wp-json\/wp\/v2\/types\/product"}],"wp:featuredmedia":[{"embeddable":true,"href":"https:\/\/shop.kustom.ch\/fr\/wp-json\/wp\/v2\/media\/502015"}],"wp:attachment":[{"href":"https:\/\/shop.kustom.ch\/fr\/wp-json\/wp\/v2\/media?parent=501991"}],"wp:term":[{"taxonomy":"product_brand","embeddable":true,"href":"https:\/\/shop.kustom.ch\/fr\/wp-json\/wp\/v2\/product_brand?post=501991"},{"taxonomy":"product_cat","embeddable":true,"href":"https:\/\/shop.kustom.ch\/fr\/wp-json\/wp\/v2\/product_cat?post=501991"},{"taxonomy":"product_tag","embeddable":true,"href":"https:\/\/shop.kustom.ch\/fr\/wp-json\/wp\/v2\/product_tag?post=501991"}],"curies":[{"name":"wp","href":"https:\/\/api.w.org\/{rel}","templated":true}]}}