{"id":501853,"date":"2025-01-24T23:43:17","date_gmt":"2025-01-24T22:43:17","guid":{"rendered":"https:\/\/shop.kustom.ch\/?post_type=product&#038;p=501853"},"modified":"2026-03-31T11:47:25","modified_gmt":"2026-03-31T10:47:25","slug":"rainier-jacket-ladies","status":"publish","type":"product","link":"https:\/\/shop.kustom.ch\/fr\/produit\/rainier-jacket-ladies\/","title":{"rendered":"Veste Rainier Ladies"},"content":{"rendered":"<p>Cette veste d'isolation PrimaLoft\u00ae super l\u00e9g\u00e8re et sportive vous tient chaud et convient \u00e0 toutes les saisons. PrimaLoft\u00ae Silver 60 g \/ m\u00b2. Les fibres ultrafines PrimaLoft\u00ae sont con\u00e7ues pour r\u00e9sister \u00e0 l'eau, ce qui permet \u00e0 votre isolation de rester durable et de conserver sa solidit\u00e9. Propri\u00e9t\u00e9s isolantes m\u00eame \u00e0 l'\u00e9tat mouill\u00e9. Compressible, se range dans la poche lat\u00e9rale. Coupe sportive active avec capuche cach\u00e9e dans le col int\u00e9rieur et fermetures \u00e9clair YKK de couleur contrast\u00e9e.<\/p>\n<p>Composition : ext\u00e9rieur : 100 nylon %, doublure : 100 nylon %, rembourrage : 100 polyester Primaloft %<\/p>","protected":false},"excerpt":{"rendered":"<p>Diese superleichte, sportliche PrimaLoft\u00ae Isolationsjacke h\u00e4lt Sie warm und eignet sich f\u00fcr alle Jahreszeiten. PrimaLoft\u00ae Silver 60 g \/ m\u00b2. Die ultrafeine PrimaLoft\u00ae Fasern wurden so entwickelt, dass sie wasserbest\u00e4ndig sind, sodass Ihre Isolierung best\u00e4ndig bleibt und ihre Festigkeit beh\u00e4lt. Isoliereigenschaften auch im nassen Zustand. Komprimierbar, verstaubar in der Seitentasche. Aktive sportliche Passform mit versteckter [&hellip;]<\/p>\n","protected":false},"featured_media":501899,"template":"","meta":[],"product_brand":[],"product_cat":[4186],"product_tag":[],"class_list":{"0":"post-501853","1":"product","2":"type-product","3":"status-publish","4":"has-post-thumbnail","6":"product_cat-jacken","7":"pa_brand-cutter-buck","8":"pa_brand-type-sportswear","9":"pa_filter-color-blau","10":"pa_filter-color-grau","11":"pa_filter-color-schwarz","12":"pa_filter-color-weiss","14":"first","15":"instock","16":"sale","17":"taxable","18":"shipping-taxable","19":"purchasable","20":"product-type-variable","21":"add-to-wishlist-before_image"},"exclude_global_add_ons":[],"addons":[],"acf":[],"_links":{"self":[{"href":"https:\/\/shop.kustom.ch\/fr\/wp-json\/wp\/v2\/product\/501853"}],"collection":[{"href":"https:\/\/shop.kustom.ch\/fr\/wp-json\/wp\/v2\/product"}],"about":[{"href":"https:\/\/shop.kustom.ch\/fr\/wp-json\/wp\/v2\/types\/product"}],"wp:featuredmedia":[{"embeddable":true,"href":"https:\/\/shop.kustom.ch\/fr\/wp-json\/wp\/v2\/media\/501899"}],"wp:attachment":[{"href":"https:\/\/shop.kustom.ch\/fr\/wp-json\/wp\/v2\/media?parent=501853"}],"wp:term":[{"taxonomy":"product_brand","embeddable":true,"href":"https:\/\/shop.kustom.ch\/fr\/wp-json\/wp\/v2\/product_brand?post=501853"},{"taxonomy":"product_cat","embeddable":true,"href":"https:\/\/shop.kustom.ch\/fr\/wp-json\/wp\/v2\/product_cat?post=501853"},{"taxonomy":"product_tag","embeddable":true,"href":"https:\/\/shop.kustom.ch\/fr\/wp-json\/wp\/v2\/product_tag?post=501853"}],"curies":[{"name":"wp","href":"https:\/\/api.w.org\/{rel}","templated":true}]}}