{"id":501782,"date":"2025-01-24T23:42:58","date_gmt":"2025-01-24T22:42:58","guid":{"rendered":"https:\/\/shop.kustom.ch\/?post_type=product&#038;p=501782"},"modified":"2026-03-31T11:34:56","modified_gmt":"2026-03-31T10:34:56","slug":"pemberton-hood-fz-men","status":"publish","type":"product","link":"https:\/\/shop.kustom.ch\/fr\/produit\/pemberton-hood-fz-men\/","title":{"rendered":"Pemberton Hood FZ Hommes"},"content":{"rendered":"<p>Pemberton est notre veste \u00e0 capuche embl\u00e9matique en double tricot extensible, l\u00e9ger et respectueux de l'environnement, avec jusqu'\u00e0 70% de polyester recycl\u00e9. Le v\u00eatement parfait pour toute l'ann\u00e9e. Le col haut de la capuche vous prot\u00e8ge du vent froid et la capuche se r\u00e8gle facilement gr\u00e2ce aux cordons de serrage. \u00c9quip\u00e9 de deux poches zipp\u00e9es \u00e0 l'avant. Logo CUTTER &amp; BUCK brod\u00e9 sur le bord de la capuche.<\/p>\n<p>Mati\u00e8re : 66% polyester recycl\u00e9, 4% polyester, 26% viscose, 4% \u00e9lasthanne (99), 70% polyester recycl\u00e9, 26% viscose 4% \u00e9lasthanne (580, 96), CB DryTec 50 UPF<\/p>","protected":false},"excerpt":{"rendered":"<p>Pemberton ist unsere ikonische Kapuzenjacke aus dehnbarem, leichtem und umweltfreundlichem Doppelstrick mit bis zu 70% recyceltem Polyester. Das perfekte Kleidungsst\u00fcck f\u00fcr das ganze Jahr. Der hohe Kapuzenkragen sch\u00fctzt Sie vor kaltem Wind, und die Kapuze l\u00e4sst sich mit den Kordelz\u00fcgen leicht verstellen. Ausgestattet mit zwei Reissverschlusstaschen vorne. CUTTER &amp; BUCK Logo Stickerei am Kapuzenrand. Material: [&hellip;]<\/p>\n","protected":false},"featured_media":501824,"template":"","meta":[],"product_brand":[],"product_cat":[4184],"product_tag":[],"class_list":{"0":"post-501782","1":"product","2":"type-product","3":"status-publish","4":"has-post-thumbnail","6":"product_cat-hoodies-pullover","7":"pa_brand-cutter-buck","8":"pa_brand-type-sportswear","9":"pa_filter-color-blau","10":"pa_filter-color-gruen","11":"pa_filter-color-schwarz","13":"first","14":"instock","15":"sale","16":"taxable","17":"shipping-taxable","18":"purchasable","19":"product-type-variable","20":"add-to-wishlist-before_image"},"exclude_global_add_ons":[],"addons":[],"acf":[],"_links":{"self":[{"href":"https:\/\/shop.kustom.ch\/fr\/wp-json\/wp\/v2\/product\/501782"}],"collection":[{"href":"https:\/\/shop.kustom.ch\/fr\/wp-json\/wp\/v2\/product"}],"about":[{"href":"https:\/\/shop.kustom.ch\/fr\/wp-json\/wp\/v2\/types\/product"}],"wp:featuredmedia":[{"embeddable":true,"href":"https:\/\/shop.kustom.ch\/fr\/wp-json\/wp\/v2\/media\/501824"}],"wp:attachment":[{"href":"https:\/\/shop.kustom.ch\/fr\/wp-json\/wp\/v2\/media?parent=501782"}],"wp:term":[{"taxonomy":"product_brand","embeddable":true,"href":"https:\/\/shop.kustom.ch\/fr\/wp-json\/wp\/v2\/product_brand?post=501782"},{"taxonomy":"product_cat","embeddable":true,"href":"https:\/\/shop.kustom.ch\/fr\/wp-json\/wp\/v2\/product_cat?post=501782"},{"taxonomy":"product_tag","embeddable":true,"href":"https:\/\/shop.kustom.ch\/fr\/wp-json\/wp\/v2\/product_tag?post=501782"}],"curies":[{"name":"wp","href":"https:\/\/api.w.org\/{rel}","templated":true}]}}