{"id":501715,"date":"2025-01-24T23:42:33","date_gmt":"2025-01-24T22:42:33","guid":{"rendered":"https:\/\/shop.kustom.ch\/?post_type=product&#038;p=501715"},"modified":"2026-03-31T11:44:00","modified_gmt":"2026-03-31T10:44:00","slug":"pemberton-crewneck-men","status":"publish","type":"product","link":"https:\/\/shop.kustom.ch\/fr\/produit\/pemberton-crewneck-men\/","title":{"rendered":"Pemberton Crewneck Hommes"},"content":{"rendered":"<p>Pemberton est notre col rond embl\u00e9matique, fabriqu\u00e9 dans un tissu l\u00e9ger \u00e0 double tricotage respectueux de l'environnement et contenant jusqu'\u00e0 65% de polyester recycl\u00e9. La pi\u00e8ce de laying parfaite pour toute l'ann\u00e9e. Dot\u00e9 d'une poche zipp\u00e9e cach\u00e9e sur la couture lat\u00e9rale droite. Orn\u00e9 d'un logo CB 3D brod\u00e9 sur la nuque.<\/p>\n<p>Mati\u00e8re : 65% polyester recycl\u00e9, 30% viscose, 5% \u00e9lasthanne<\/p>","protected":false},"excerpt":{"rendered":"<p>Pemberton ist unser ikonischer Rundhalsausschnitt aus leichtem doppelt gestricktem umweltfreundlichen Stoff mit bis zu 65% recyceltem Polyester. Das perfekte Ganzjahres-Layering-St\u00fcck. Ausgestattet mit einer versteckten Reissverschlusstasche an der rechten Seitennaht. Verziert mit CB 3D-Logo-Stickerei am Nacken. Material: 65% Recycling-Polyester, 30% Viskose, 5% Elastan<\/p>","protected":false},"featured_media":501770,"template":"","meta":[],"product_brand":[],"product_cat":[4191],"product_tag":[],"class_list":{"0":"post-501715","1":"product","2":"type-product","3":"status-publish","4":"has-post-thumbnail","6":"product_cat-longsleeves-sweatshirts","7":"pa_brand-cutter-buck","8":"pa_brand-type-sportswear","9":"pa_filter-color-blau","10":"pa_filter-color-gruen","11":"pa_filter-color-schwarz","13":"first","14":"instock","15":"sale","16":"taxable","17":"shipping-taxable","18":"purchasable","19":"product-type-variable","20":"add-to-wishlist-before_image"},"exclude_global_add_ons":[],"addons":[],"acf":[],"_links":{"self":[{"href":"https:\/\/shop.kustom.ch\/fr\/wp-json\/wp\/v2\/product\/501715"}],"collection":[{"href":"https:\/\/shop.kustom.ch\/fr\/wp-json\/wp\/v2\/product"}],"about":[{"href":"https:\/\/shop.kustom.ch\/fr\/wp-json\/wp\/v2\/types\/product"}],"wp:featuredmedia":[{"embeddable":true,"href":"https:\/\/shop.kustom.ch\/fr\/wp-json\/wp\/v2\/media\/501770"}],"wp:attachment":[{"href":"https:\/\/shop.kustom.ch\/fr\/wp-json\/wp\/v2\/media?parent=501715"}],"wp:term":[{"taxonomy":"product_brand","embeddable":true,"href":"https:\/\/shop.kustom.ch\/fr\/wp-json\/wp\/v2\/product_brand?post=501715"},{"taxonomy":"product_cat","embeddable":true,"href":"https:\/\/shop.kustom.ch\/fr\/wp-json\/wp\/v2\/product_cat?post=501715"},{"taxonomy":"product_tag","embeddable":true,"href":"https:\/\/shop.kustom.ch\/fr\/wp-json\/wp\/v2\/product_tag?post=501715"}],"curies":[{"name":"wp","href":"https:\/\/api.w.org\/{rel}","templated":true}]}}