{"id":501645,"date":"2025-01-24T23:42:13","date_gmt":"2025-01-24T22:42:13","guid":{"rendered":"https:\/\/shop.kustom.ch\/?post_type=product&#038;p=501645"},"modified":"2026-03-31T11:46:34","modified_gmt":"2026-03-31T10:46:34","slug":"packwood-jacket-men","status":"publish","type":"product","link":"https:\/\/shop.kustom.ch\/fr\/produit\/packwood-jacket-men\/","title":{"rendered":"Veste Packwood Hommes"},"content":{"rendered":"<p>Le Packwood est une veste super l\u00e9g\u00e8re qui se caract\u00e9rise par une chaleur agr\u00e9able, un poids r\u00e9duit et un grand confort. L'isolation PrimaLoft Black Eco\u00ae est compos\u00e9e de mat\u00e9riaux recycl\u00e9s 60% combin\u00e9s \u00e0 une technologie de fibres avanc\u00e9e qui maintient le corps \u00e0 une temp\u00e9rature agr\u00e9able et aide \u00e0 \u00e9conomiser de l'\u00e9nergie. La fermeture \u00e9clair YKK METALUXE\u00ae sur toute la longueur au look m\u00e9tallique conf\u00e8re \u00e0 la veste un look luxueux. En combinant ces caract\u00e9ristiques outdoor avec des d\u00e9tails \u00e0 la mode tels que des lignes de piq\u00fbres horizontales, un m\u00e9lange de diff\u00e9rents tissus et des d\u00e9corations voyantes, cette veste peut \u00eatre utilis\u00e9e de mani\u00e8re polyvalente.<\/p>\n<p>Mati\u00e8re : ext\u00e9rieur : nylon 100%, rembourrage, polyester 100% Primaloft, doublure : nylon 100%<\/p>","protected":false},"excerpt":{"rendered":"<p>Die Packwood ist eine superleichte Jacke, welche sich durch angenehme W\u00e4rme, ein geringes Packmas und hohen Tragekomfort auszeichnet. Die PrimaLoft Black Eco\u00ae Isolierung besteht aus 60% recycelten Materialien in Kombination mit einer fortschrittlichen Fasertechnologie, welche den K\u00f6rper in einer angenehmen Temperatur h\u00e4lt und hilft, Energie zu sparen. Der durchgehende YKK METALUXE\u00ae Reissverschluss im Metallic Look [&hellip;]<\/p>\n","protected":false},"featured_media":501684,"template":"","meta":[],"product_brand":[],"product_cat":[4186],"product_tag":[],"class_list":{"0":"post-501645","1":"product","2":"type-product","3":"status-publish","4":"has-post-thumbnail","6":"product_cat-jacken","7":"pa_brand-cutter-buck","8":"pa_brand-type-sportswear","9":"pa_filter-color-blau","10":"pa_filter-color-gruen","11":"pa_filter-color-schwarz","13":"first","14":"instock","15":"sale","16":"taxable","17":"shipping-taxable","18":"purchasable","19":"product-type-variable","20":"add-to-wishlist-before_image"},"exclude_global_add_ons":[],"addons":[],"acf":[],"_links":{"self":[{"href":"https:\/\/shop.kustom.ch\/fr\/wp-json\/wp\/v2\/product\/501645"}],"collection":[{"href":"https:\/\/shop.kustom.ch\/fr\/wp-json\/wp\/v2\/product"}],"about":[{"href":"https:\/\/shop.kustom.ch\/fr\/wp-json\/wp\/v2\/types\/product"}],"wp:featuredmedia":[{"embeddable":true,"href":"https:\/\/shop.kustom.ch\/fr\/wp-json\/wp\/v2\/media\/501684"}],"wp:attachment":[{"href":"https:\/\/shop.kustom.ch\/fr\/wp-json\/wp\/v2\/media?parent=501645"}],"wp:term":[{"taxonomy":"product_brand","embeddable":true,"href":"https:\/\/shop.kustom.ch\/fr\/wp-json\/wp\/v2\/product_brand?post=501645"},{"taxonomy":"product_cat","embeddable":true,"href":"https:\/\/shop.kustom.ch\/fr\/wp-json\/wp\/v2\/product_cat?post=501645"},{"taxonomy":"product_tag","embeddable":true,"href":"https:\/\/shop.kustom.ch\/fr\/wp-json\/wp\/v2\/product_tag?post=501645"}],"curies":[{"name":"wp","href":"https:\/\/api.w.org\/{rel}","templated":true}]}}