{"id":501576,"date":"2025-01-24T23:41:54","date_gmt":"2025-01-24T22:41:54","guid":{"rendered":"https:\/\/shop.kustom.ch\/?post_type=product&#038;p=501576"},"modified":"2026-03-31T11:39:55","modified_gmt":"2026-03-31T10:39:55","slug":"ozette-vest-men","status":"publish","type":"product","link":"https:\/\/shop.kustom.ch\/fr\/produit\/ozette-vest-men\/","title":{"rendered":"Gilet Ozette Hommes"},"content":{"rendered":"<p>Ce gilet est super l\u00e9ger et chaud, ce qui en fait le compagnon id\u00e9al en voyage. Ozette est isol\u00e9 avec une doublure Primaloft Black Eco\u00ae de haute qualit\u00e9 fabriqu\u00e9e \u00e0 partir de mat\u00e9riaux recycl\u00e9s et le tissu est tiss\u00e9 \u00e0 partir de fils de nylon recycl\u00e9s durables. Deux poches zipp\u00e9es sur le devant. Lignes verticales surpiqu\u00e9es pour une coupe flatteuse.<\/p>\n<p>Mat\u00e9riau : ext\u00e9rieur : 100% nylon recycl\u00e9, rembourrage : 100% polyester Primaloft\u00ae Black Eco<\/p>","protected":false},"excerpt":{"rendered":"<p>Diese Weste ist superleicht und warm, so dass sie auf Reisen der ideale Begleiter ist. Ozette ist mit hochwertiger Primaloft Black Eco\u00ae F\u00fctterung aus recyceltem Material isoliert und der Stoff ist aus langlebigem, recyceltem Nylongarn gewebt. Zwei Reissverschlusstaschen auf der Vorderseite. Vertikale gesteppte Linien f\u00fcr eine schmeichelhafte Passform. Material: Aussenmaterial: 100% Nylon Recycelt, F\u00fcllung: 100% [&hellip;]<\/p>\n","protected":false},"featured_media":501629,"template":"","meta":[],"product_brand":[],"product_cat":[4208],"product_tag":[],"class_list":{"0":"post-501576","1":"product","2":"type-product","3":"status-publish","4":"has-post-thumbnail","6":"product_cat-westen","7":"pa_brand-cutter-buck","8":"pa_brand-type-sportswear","9":"pa_filter-color-blau","10":"pa_filter-color-schwarz","12":"first","13":"instock","14":"sale","15":"taxable","16":"shipping-taxable","17":"purchasable","18":"product-type-variable","19":"add-to-wishlist-before_image"},"exclude_global_add_ons":[],"addons":[],"acf":[],"_links":{"self":[{"href":"https:\/\/shop.kustom.ch\/fr\/wp-json\/wp\/v2\/product\/501576"}],"collection":[{"href":"https:\/\/shop.kustom.ch\/fr\/wp-json\/wp\/v2\/product"}],"about":[{"href":"https:\/\/shop.kustom.ch\/fr\/wp-json\/wp\/v2\/types\/product"}],"wp:featuredmedia":[{"embeddable":true,"href":"https:\/\/shop.kustom.ch\/fr\/wp-json\/wp\/v2\/media\/501629"}],"wp:attachment":[{"href":"https:\/\/shop.kustom.ch\/fr\/wp-json\/wp\/v2\/media?parent=501576"}],"wp:term":[{"taxonomy":"product_brand","embeddable":true,"href":"https:\/\/shop.kustom.ch\/fr\/wp-json\/wp\/v2\/product_brand?post=501576"},{"taxonomy":"product_cat","embeddable":true,"href":"https:\/\/shop.kustom.ch\/fr\/wp-json\/wp\/v2\/product_cat?post=501576"},{"taxonomy":"product_tag","embeddable":true,"href":"https:\/\/shop.kustom.ch\/fr\/wp-json\/wp\/v2\/product_tag?post=501576"}],"curies":[{"name":"wp","href":"https:\/\/api.w.org\/{rel}","templated":true}]}}