{"id":501438,"date":"2025-01-24T23:41:18","date_gmt":"2025-01-24T22:41:18","guid":{"rendered":"https:\/\/shop.kustom.ch\/?post_type=product&#038;p=501438"},"modified":"2026-03-31T11:39:03","modified_gmt":"2026-03-31T10:39:03","slug":"oceanside-stretch-polo-ladies","status":"publish","type":"product","link":"https:\/\/shop.kustom.ch\/fr\/produit\/oceanside-stretch-polo-ladies\/","title":{"rendered":"Oceanside Stretch Polo Ladies"},"content":{"rendered":"<p>Une pi\u00e8ce indispensable pour toute garde-robe - vous ne pouvez jamais vous tromper avec un polo \u00e9l\u00e9gant et pratique. Le polo Oceanside Stretch est fabriqu\u00e9 \u00e0 partir d'un m\u00e9lange unique de coton et d'\u00e9lasthanne, ce qui lui conf\u00e8re \u00e9lasticit\u00e9, douceur et une coupe parfaite. Il dispose de tous les d\u00e9tails classiques, mais avec une touche d'exclusivit\u00e9 suppl\u00e9mentaire, comme un logo brod\u00e9 dans le cou, des boutons ton sur ton et un jersey doux dans le col.<\/p>\n<p>Mati\u00e8re : 95% coton, 5% \u00e9lasthanne<\/p>","protected":false},"excerpt":{"rendered":"<p>Ein unverzichtbares Teil f\u00fcr jede Garderobe &#8211; mit einem stilvollen und praktischen Polo k\u00f6nnen Sie nie etwas falsch machen. Das Oceanside Stretch Polo ist aus einem einzigartigen Bi-Blend Mischgewebe aus Baumwolle mit Elasthan Zusatz gefertigt, das f\u00fcr Dehnbarkeit, Weichheit und eine tolle Passform sorgt. Es verf\u00fcgt \u00fcber alle klassischen Details, aber mit einem zus\u00e4tzlichen Hauch [&hellip;]<\/p>\n","protected":false},"featured_media":501492,"template":"","meta":[],"product_brand":[],"product_cat":[4193],"product_tag":[],"class_list":{"0":"post-501438","1":"product","2":"type-product","3":"status-publish","4":"has-post-thumbnail","6":"product_cat-polos","7":"pa_brand-cutter-buck","8":"pa_brand-type-sportswear","9":"pa_filter-color-blau","10":"pa_filter-color-gruen","11":"pa_filter-color-orange","12":"pa_filter-color-schwarz","13":"pa_filter-color-weiss","15":"first","16":"instock","17":"sale","18":"taxable","19":"shipping-taxable","20":"purchasable","21":"product-type-variable","22":"add-to-wishlist-before_image"},"exclude_global_add_ons":[],"addons":[],"acf":[],"_links":{"self":[{"href":"https:\/\/shop.kustom.ch\/fr\/wp-json\/wp\/v2\/product\/501438"}],"collection":[{"href":"https:\/\/shop.kustom.ch\/fr\/wp-json\/wp\/v2\/product"}],"about":[{"href":"https:\/\/shop.kustom.ch\/fr\/wp-json\/wp\/v2\/types\/product"}],"wp:featuredmedia":[{"embeddable":true,"href":"https:\/\/shop.kustom.ch\/fr\/wp-json\/wp\/v2\/media\/501492"}],"wp:attachment":[{"href":"https:\/\/shop.kustom.ch\/fr\/wp-json\/wp\/v2\/media?parent=501438"}],"wp:term":[{"taxonomy":"product_brand","embeddable":true,"href":"https:\/\/shop.kustom.ch\/fr\/wp-json\/wp\/v2\/product_brand?post=501438"},{"taxonomy":"product_cat","embeddable":true,"href":"https:\/\/shop.kustom.ch\/fr\/wp-json\/wp\/v2\/product_cat?post=501438"},{"taxonomy":"product_tag","embeddable":true,"href":"https:\/\/shop.kustom.ch\/fr\/wp-json\/wp\/v2\/product_tag?post=501438"}],"curies":[{"name":"wp","href":"https:\/\/api.w.org\/{rel}","templated":true}]}}