{"id":501437,"date":"2025-01-24T23:41:18","date_gmt":"2025-01-24T22:41:18","guid":{"rendered":"https:\/\/shop.kustom.ch\/?post_type=product&#038;p=501437"},"modified":"2026-03-31T11:31:39","modified_gmt":"2026-03-31T10:31:39","slug":"oakville-v-neck-men","status":"publish","type":"product","link":"https:\/\/shop.kustom.ch\/fr\/produit\/oakville-v-neck-men\/","title":{"rendered":"Oakville V-neck Men"},"content":{"rendered":"<p>Oakville est notre pull tricot\u00e9 qui va avec tout. Sa construction tricot\u00e9e est douce et pas trop lourde, ce qui vous permet de le porter parfaitement sur une chemise. La composition mixte des fils vous offre le toucher doux et agr\u00e9able du coton et la durabilit\u00e9 du nylon. Ourlet et manches c\u00f4tel\u00e9s. Oakville est disponible en version col rond et col en V classique.<\/p>\n<p>Mat\u00e9riau : 80% coton, 20% nylon<\/p>","protected":false},"excerpt":{"rendered":"<p>Oakville ist unser gestrickter Pullover, der zu allem passt. Die Strickkonstruktion ist weich und nicht zu schwer, sodass Sie ihn perfekt \u00fcber einem Hemd tragen k\u00f6nnen. Die gemischte Garnzusammensetzung gibt Ihnen eine angenehme weiche Haptik von Baumwolle und Haltbarkeit aus Nylon. Gerippter Saum und \u00c4rmel. Oakville kommt in einer Rundhals Version und als klassischer V-Neck. [&hellip;]<\/p>\n","protected":false},"featured_media":501444,"template":"","meta":[],"product_brand":[],"product_cat":[4191],"product_tag":[],"class_list":{"0":"post-501437","1":"product","2":"type-product","3":"status-publish","4":"has-post-thumbnail","6":"product_cat-longsleeves-sweatshirts","7":"pa_brand-cutter-buck","8":"pa_brand-type-sportswear","9":"pa_filter-color-blau","10":"pa_filter-color-braun","11":"pa_filter-color-grau","12":"pa_filter-color-schwarz","14":"first","15":"instock","16":"sale","17":"taxable","18":"shipping-taxable","19":"purchasable","20":"product-type-variable","21":"add-to-wishlist-before_image"},"exclude_global_add_ons":[],"addons":[],"acf":[],"_links":{"self":[{"href":"https:\/\/shop.kustom.ch\/fr\/wp-json\/wp\/v2\/product\/501437"}],"collection":[{"href":"https:\/\/shop.kustom.ch\/fr\/wp-json\/wp\/v2\/product"}],"about":[{"href":"https:\/\/shop.kustom.ch\/fr\/wp-json\/wp\/v2\/types\/product"}],"wp:featuredmedia":[{"embeddable":true,"href":"https:\/\/shop.kustom.ch\/fr\/wp-json\/wp\/v2\/media\/501444"}],"wp:attachment":[{"href":"https:\/\/shop.kustom.ch\/fr\/wp-json\/wp\/v2\/media?parent=501437"}],"wp:term":[{"taxonomy":"product_brand","embeddable":true,"href":"https:\/\/shop.kustom.ch\/fr\/wp-json\/wp\/v2\/product_brand?post=501437"},{"taxonomy":"product_cat","embeddable":true,"href":"https:\/\/shop.kustom.ch\/fr\/wp-json\/wp\/v2\/product_cat?post=501437"},{"taxonomy":"product_tag","embeddable":true,"href":"https:\/\/shop.kustom.ch\/fr\/wp-json\/wp\/v2\/product_tag?post=501437"}],"curies":[{"name":"wp","href":"https:\/\/api.w.org\/{rel}","templated":true}]}}