{"id":501231,"date":"2025-01-24T23:40:24","date_gmt":"2025-01-24T22:40:24","guid":{"rendered":"https:\/\/shop.kustom.ch\/?post_type=product&#038;p=501231"},"modified":"2026-03-31T11:36:37","modified_gmt":"2026-03-31T10:36:37","slug":"oak-harbor-vest-men","status":"publish","type":"product","link":"https:\/\/shop.kustom.ch\/fr\/produit\/oak-harbor-vest-men\/","title":{"rendered":"Gilet Oak Harbor Hommes"},"content":{"rendered":"<p>Oak Harbor, notre gilet hybride qui offre un \u00e9quilibre parfait entre chaleur, style et respect de l'environnement. Les c\u00f4t\u00e9s en polyester stretch vous permettent une libert\u00e9 de mouvement totale. Le devant et le dos matelass\u00e9s et chauds sont isol\u00e9s par un rembourrage Sustans\u00ae en fibres renouvelables de DuPont\u2122 Sorona\u00ae. Enti\u00e8rement \u00e9quip\u00e9e d'un curseur de fermeture \u00e9clair Auto-Lock \u00e0 l'avant et de poches. Porte-la comme couche sur un sweat Oakville ou le Traverse Half Zip.<\/p>\n<p>Mati\u00e8re : Mati\u00e8re 1 : 100% polyester recycl\u00e9 ; Mati\u00e8re 2 : 100% polyester recycl\u00e9 softshell<\/p>","protected":false},"excerpt":{"rendered":"<p>Oak Harbor, unsere Hybridweste, die die perfekte Balance zwischen W\u00e4rme, Stil und Umweltbewusstsein bietet. Die Seiten aus Stretch-Polyester erm\u00f6glichen Ihnen absolute Bewegungsfreiheit. Das gesteppte und w\u00e4rmende Vorder- und R\u00fcckenteil ist mit Sustans\u00ae-Polsterung aus erneuerbaren Fasern von DuPont\u2122 Sorona\u00ae isoliert. Vollst\u00e4ndig mit einem Auto-Lock-Reissverschlussschieber vorne und Taschen versehen. Tragen Sie sie als Schicht \u00fcber einem Oakville-Sweater [&hellip;]<\/p>\n","protected":false},"featured_media":501269,"template":"","meta":[],"product_brand":[],"product_cat":[4208],"product_tag":[],"class_list":{"0":"post-501231","1":"product","2":"type-product","3":"status-publish","4":"has-post-thumbnail","6":"product_cat-westen","7":"pa_brand-cutter-buck","8":"pa_brand-type-sportswear","9":"pa_filter-color-blau","10":"pa_filter-color-grau","11":"pa_filter-color-schwarz","13":"first","14":"instock","15":"sale","16":"taxable","17":"shipping-taxable","18":"purchasable","19":"product-type-variable","20":"add-to-wishlist-before_image"},"exclude_global_add_ons":[],"addons":[],"acf":[],"_links":{"self":[{"href":"https:\/\/shop.kustom.ch\/fr\/wp-json\/wp\/v2\/product\/501231"}],"collection":[{"href":"https:\/\/shop.kustom.ch\/fr\/wp-json\/wp\/v2\/product"}],"about":[{"href":"https:\/\/shop.kustom.ch\/fr\/wp-json\/wp\/v2\/types\/product"}],"wp:featuredmedia":[{"embeddable":true,"href":"https:\/\/shop.kustom.ch\/fr\/wp-json\/wp\/v2\/media\/501269"}],"wp:attachment":[{"href":"https:\/\/shop.kustom.ch\/fr\/wp-json\/wp\/v2\/media?parent=501231"}],"wp:term":[{"taxonomy":"product_brand","embeddable":true,"href":"https:\/\/shop.kustom.ch\/fr\/wp-json\/wp\/v2\/product_brand?post=501231"},{"taxonomy":"product_cat","embeddable":true,"href":"https:\/\/shop.kustom.ch\/fr\/wp-json\/wp\/v2\/product_cat?post=501231"},{"taxonomy":"product_tag","embeddable":true,"href":"https:\/\/shop.kustom.ch\/fr\/wp-json\/wp\/v2\/product_tag?post=501231"}],"curies":[{"name":"wp","href":"https:\/\/api.w.org\/{rel}","templated":true}]}}