{"id":501164,"date":"2025-01-24T23:40:00","date_gmt":"2025-01-24T22:40:00","guid":{"rendered":"https:\/\/shop.kustom.ch\/?post_type=product&#038;p=501164"},"modified":"2026-03-31T11:42:46","modified_gmt":"2026-03-31T10:42:46","slug":"oak-harbor-jacket-men","status":"publish","type":"product","link":"https:\/\/shop.kustom.ch\/fr\/produit\/oak-harbor-jacket-men\/","title":{"rendered":"Veste Oak Harbor Hommes"},"content":{"rendered":"<p>La veste Oak Harbor vous donne le look d'un sweat \u00e0 capuche avec la protection d'une veste. Gr\u00e2ce aux manches et aux c\u00f4t\u00e9s en powerstretch, vous pouvez bouger en tout confort. Le devant et le dos matelass\u00e9s sont doubl\u00e9s de rembourrage Sustans\u00ae en fibres renouvelables de DuPont\u2122 Sorona\u00ae. Le mod\u00e8le pour femmes est dot\u00e9 d'une capuche et le mod\u00e8le pour hommes d'un col. Fermeture \u00e0 glissi\u00e8re int\u00e9grale avec zips Autolock sur le devant et les poches. \u00c0 porter seul par temps sec ou sous une veste hardshell pour plus de chaleur.<\/p>\n<p>Mat\u00e9riau : ext\u00e9rieur 1 : 100% polyester, ext\u00e9rieur 2 : 100% polyester, rembourrage : 100% polyester Sustans by Dupont Sorona<\/p>","protected":false},"excerpt":{"rendered":"<p>Die Oak Harbor Jacke gibt Ihnen den Look eines Hoodie mit dem Schutz einer Jacke. Dank den \u00c4rmel und Seiten aus Powerstretch k\u00f6nnen Sie sich ganz bequem bewegen. Die gesteppte Vorder- und R\u00fcckseite ist mit Sustans\u00ae Wattierung aus erneuerbaren Fasern von DuPont\u2122 Sorona\u00ae gef\u00fcttert. Das Modell f\u00fcr Damen ist mit einer Kapuze und das Modell [&hellip;]<\/p>\n","protected":false},"featured_media":501228,"template":"","meta":[],"product_brand":[],"product_cat":[4186],"product_tag":[],"class_list":{"0":"post-501164","1":"product","2":"type-product","3":"status-publish","4":"has-post-thumbnail","6":"product_cat-jacken","7":"pa_brand-cutter-buck","8":"pa_brand-type-sportswear","9":"pa_filter-color-blau","10":"pa_filter-color-gruen","11":"pa_filter-color-schwarz","13":"first","14":"instock","15":"sale","16":"taxable","17":"shipping-taxable","18":"purchasable","19":"product-type-variable","20":"add-to-wishlist-before_image"},"exclude_global_add_ons":[],"addons":[],"acf":[],"_links":{"self":[{"href":"https:\/\/shop.kustom.ch\/fr\/wp-json\/wp\/v2\/product\/501164"}],"collection":[{"href":"https:\/\/shop.kustom.ch\/fr\/wp-json\/wp\/v2\/product"}],"about":[{"href":"https:\/\/shop.kustom.ch\/fr\/wp-json\/wp\/v2\/types\/product"}],"wp:featuredmedia":[{"embeddable":true,"href":"https:\/\/shop.kustom.ch\/fr\/wp-json\/wp\/v2\/media\/501228"}],"wp:attachment":[{"href":"https:\/\/shop.kustom.ch\/fr\/wp-json\/wp\/v2\/media?parent=501164"}],"wp:term":[{"taxonomy":"product_brand","embeddable":true,"href":"https:\/\/shop.kustom.ch\/fr\/wp-json\/wp\/v2\/product_brand?post=501164"},{"taxonomy":"product_cat","embeddable":true,"href":"https:\/\/shop.kustom.ch\/fr\/wp-json\/wp\/v2\/product_cat?post=501164"},{"taxonomy":"product_tag","embeddable":true,"href":"https:\/\/shop.kustom.ch\/fr\/wp-json\/wp\/v2\/product_tag?post=501164"}],"curies":[{"name":"wp","href":"https:\/\/api.w.org\/{rel}","templated":true}]}}