{"id":501162,"date":"2025-01-24T23:40:00","date_gmt":"2025-01-24T22:40:00","guid":{"rendered":"https:\/\/shop.kustom.ch\/?post_type=product&#038;p=501162"},"modified":"2026-03-31T11:41:38","modified_gmt":"2026-03-31T10:41:38","slug":"north-shore-pants-men","status":"publish","type":"product","link":"https:\/\/shop.kustom.ch\/fr\/produit\/north-shore-pants-men\/","title":{"rendered":"North Shore Pants Men"},"content":{"rendered":"<p>North Shore offre une protection tous temps de haut niveau. Le tissu 3 couches maximise la protection contre la pluie et le vent, tandis que le tissu stretch int\u00e9gral offre une flexibilit\u00e9 et une libert\u00e9 de mouvement maximales. Dot\u00e9 de caract\u00e9ristiques techniques, ce pantalon North Shore polyvalent est id\u00e9al pour le golf ou toute autre activit\u00e9 de plein air. Les poches avant et arri\u00e8re vous aident \u00e0 ranger vos cl\u00e9s, votre t\u00e9l\u00e9phone, vos cartes et autres objets en toute s\u00e9curit\u00e9. \u00c9quip\u00e9 de fermetures \u00e9clair \u00e9tanches au bas des jambes pour un meilleur acc\u00e8s. Laver s\u00e9par\u00e9ment \u00e0 30 degr\u00e9s sans adoucissant. Avant le lavage, fermez toutes les fermetures \u00e9clair et laissez s\u00e9cher le v\u00eatement.<\/p>\n<p>Mat\u00e9riau : Ext\u00e9rieur : 100% polyester, Doublure : 100% polyester, VentAir, WP10 000, MVP10 000<\/p>","protected":false},"excerpt":{"rendered":"<p>North Shore bietet Allwetter Schutz auf h\u00f6chstem Level. Das 3 Lagen Material maximiert den Schutz vor Regen und Wind, w\u00e4hrend das Rundum Stretch Gewebe maximale Flexibilit\u00e4t und Bewegungsfreiheit bietet. Ausgestattet mit technischen Features sind diese vielseitigen North Shore Hosen ideal auf der Golfrunden oder allen anderen Outdoor Aktivit\u00e4ten. Front- und Ges\u00e4sstaschen helfen Ihnen Schl\u00fcssel, Telefon, [&hellip;]<\/p>\n","protected":false},"featured_media":501191,"template":"","meta":[],"product_brand":[],"product_cat":[4185],"product_tag":[],"class_list":{"0":"post-501162","1":"product","2":"type-product","3":"status-publish","4":"has-post-thumbnail","6":"product_cat-hosen","7":"pa_brand-cutter-buck","8":"pa_brand-type-sportswear","9":"pa_filter-color-blau","10":"pa_filter-color-schwarz","12":"first","13":"instock","14":"sale","15":"taxable","16":"shipping-taxable","17":"purchasable","18":"product-type-variable","19":"add-to-wishlist-before_image"},"exclude_global_add_ons":[],"addons":[],"acf":[],"_links":{"self":[{"href":"https:\/\/shop.kustom.ch\/fr\/wp-json\/wp\/v2\/product\/501162"}],"collection":[{"href":"https:\/\/shop.kustom.ch\/fr\/wp-json\/wp\/v2\/product"}],"about":[{"href":"https:\/\/shop.kustom.ch\/fr\/wp-json\/wp\/v2\/types\/product"}],"wp:featuredmedia":[{"embeddable":true,"href":"https:\/\/shop.kustom.ch\/fr\/wp-json\/wp\/v2\/media\/501191"}],"wp:attachment":[{"href":"https:\/\/shop.kustom.ch\/fr\/wp-json\/wp\/v2\/media?parent=501162"}],"wp:term":[{"taxonomy":"product_brand","embeddable":true,"href":"https:\/\/shop.kustom.ch\/fr\/wp-json\/wp\/v2\/product_brand?post=501162"},{"taxonomy":"product_cat","embeddable":true,"href":"https:\/\/shop.kustom.ch\/fr\/wp-json\/wp\/v2\/product_cat?post=501162"},{"taxonomy":"product_tag","embeddable":true,"href":"https:\/\/shop.kustom.ch\/fr\/wp-json\/wp\/v2\/product_tag?post=501162"}],"curies":[{"name":"wp","href":"https:\/\/api.w.org\/{rel}","templated":true}]}}