{"id":501094,"date":"2025-01-24T23:39:41","date_gmt":"2025-01-24T22:39:41","guid":{"rendered":"https:\/\/shop.kustom.ch\/?post_type=product&#038;p=501094"},"modified":"2026-03-31T11:48:19","modified_gmt":"2026-03-31T10:48:19","slug":"north-shore-jacket-men","status":"publish","type":"product","link":"https:\/\/shop.kustom.ch\/fr\/produit\/north-shore-jacket-men\/","title":{"rendered":"Veste North Shore Hommes"},"content":{"rendered":"<p>North Shore offre une protection tous temps de haut niveau. Le mat\u00e9riau \u00e0 trois couches maximise la protection contre la pluie et le vent, tandis que le tissu stretch int\u00e9gral offre une flexibilit\u00e9 et une libert\u00e9 de mouvement maximales. En m\u00eame temps, le tissu permet une excellente respirabilit\u00e9. La veste est dot\u00e9e d'une l\u00e9g\u00e8re doublure en filet et de fermetures \u00e9clair YKK hydrofuges. Le logo C&amp;B appara\u00eet sur la manche gauche, la poitrine et le cou. Laver s\u00e9par\u00e9ment \u00e0 30 degr\u00e9s sans adoucissant. Avant le lavage, fermez toutes les fermetures \u00e9clair et laissez s\u00e9cher le v\u00eatement.<\/p>\n<p>Mat\u00e9riau : Ext\u00e9rieur : 100% polyester, Doublure : 100% polyester, VentAir, WP10 000, MVP10 000<\/p>","protected":false},"excerpt":{"rendered":"<p>North Shore bietet Allwetter Schutz auf h\u00f6chstem Level. Das 3 Lagen Material maximiert den Schutz vor Regen und Wind, w\u00e4hrend das Rundum Stretch Gewebe maximale Flexibilit\u00e4t und Bewegungsfreiheit bietet. Gleichzeitig erm\u00f6glicht das Gewebe hervorragende Atmungsaktivit\u00e4t. Die Jacke verf\u00fcgt \u00fcber ein leichtes Netzfutter und ist ausgestattet mit wasserabweisenden YKK Reissverschl\u00fcssen. Das C&amp;B Logo erscheint auf dem [&hellip;]<\/p>\n","protected":false},"featured_media":501157,"template":"","meta":[],"product_brand":[],"product_cat":[4186],"product_tag":[],"class_list":{"0":"post-501094","1":"product","2":"type-product","3":"status-publish","4":"has-post-thumbnail","6":"product_cat-jacken","7":"pa_brand-cutter-buck","8":"pa_brand-type-sportswear","9":"pa_filter-color-blau","10":"pa_filter-color-schwarz","12":"first","13":"instock","14":"sale","15":"taxable","16":"shipping-taxable","17":"purchasable","18":"product-type-variable","19":"add-to-wishlist-before_image"},"exclude_global_add_ons":[],"addons":[],"acf":[],"_links":{"self":[{"href":"https:\/\/shop.kustom.ch\/fr\/wp-json\/wp\/v2\/product\/501094"}],"collection":[{"href":"https:\/\/shop.kustom.ch\/fr\/wp-json\/wp\/v2\/product"}],"about":[{"href":"https:\/\/shop.kustom.ch\/fr\/wp-json\/wp\/v2\/types\/product"}],"wp:featuredmedia":[{"embeddable":true,"href":"https:\/\/shop.kustom.ch\/fr\/wp-json\/wp\/v2\/media\/501157"}],"wp:attachment":[{"href":"https:\/\/shop.kustom.ch\/fr\/wp-json\/wp\/v2\/media?parent=501094"}],"wp:term":[{"taxonomy":"product_brand","embeddable":true,"href":"https:\/\/shop.kustom.ch\/fr\/wp-json\/wp\/v2\/product_brand?post=501094"},{"taxonomy":"product_cat","embeddable":true,"href":"https:\/\/shop.kustom.ch\/fr\/wp-json\/wp\/v2\/product_cat?post=501094"},{"taxonomy":"product_tag","embeddable":true,"href":"https:\/\/shop.kustom.ch\/fr\/wp-json\/wp\/v2\/product_tag?post=501094"}],"curies":[{"name":"wp","href":"https:\/\/api.w.org\/{rel}","templated":true}]}}