{"id":500957,"date":"2025-01-24T23:39:02","date_gmt":"2025-01-24T22:39:02","guid":{"rendered":"https:\/\/shop.kustom.ch\/?post_type=product&#038;p=500957"},"modified":"2026-03-31T11:34:02","modified_gmt":"2026-03-31T10:34:02","slug":"mount-adams-jkt-men","status":"publish","type":"product","link":"https:\/\/shop.kustom.ch\/fr\/produit\/mount-adams-jkt-men\/","title":{"rendered":"Mount Adams Jkt Men"},"content":{"rendered":"<p>Notre veste embl\u00e9matique Mount Adams est fabriqu\u00e9e en tissu nylon recycl\u00e9 et constitue la pi\u00e8ce parfaite aussi bien pour les environnements urbains que naturels. La veste est garnie de Gold Insulation Luxe\u2122 de Primaloft\u00ae, un mat\u00e9riau recycl\u00e9 \u00e0 100%. Il se compose de petites plumes soyeuses en fibres synth\u00e9tiques qui imitent la chaleur l\u00e9g\u00e8re, la douceur et la compressibilit\u00e9 du duvet d'oie naturel avec les performances exceptionnelles de Primaloft\u00ae. La veste est l\u00e9g\u00e8re, mais fournit de la chaleur tout en conservant son gonflant, m\u00eame dans des conditions humides. La capuche est facilement d\u00e9zippable et la veste est \u00e9quip\u00e9e de deux poches avant et d'une poche suppl\u00e9mentaire sur la poitrine. Il y a une zone d'impression pour le logo du client sur le devant de la poitrine.<\/p>\n<p>Mat\u00e9riau : Mat\u00e9riau : 100% Reycling-Nylon. Doublure : 100% Reycling-Nylon<\/p>","protected":false},"excerpt":{"rendered":"<p>Unsere ikonische Mount Adams Jacke besteht aus recyceltem Nylongewebe und ist das perfekte St\u00fcck sowohl f\u00fcr st\u00e4dtische als auch f\u00fcr nat\u00fcrliche Umgebungen. Die Jacke ist mit Gold Insulation Luxe\u2122 von Primaloft\u00ae gef\u00fcllt, einem zu 100% aus recyceltem Material. Es besteht aus kleinen, seidigen Federn aus synthetischen Fasern, die die leichte W\u00e4rme, Weichheit und Komprimierbarkeit von [&hellip;]<\/p>\n","protected":false},"featured_media":501004,"template":"","meta":[],"product_brand":[],"product_cat":[4186],"product_tag":[],"class_list":{"0":"post-500957","1":"product","2":"type-product","3":"status-publish","4":"has-post-thumbnail","6":"product_cat-jacken","7":"pa_brand-cutter-buck","8":"pa_brand-type-sportswear","9":"pa_filter-color-blau","10":"pa_filter-color-gruen","11":"pa_filter-color-orange","12":"pa_filter-color-schwarz","14":"first","15":"instock","16":"sale","17":"taxable","18":"shipping-taxable","19":"purchasable","20":"product-type-variable","21":"add-to-wishlist-before_image"},"exclude_global_add_ons":[],"addons":[],"acf":[],"_links":{"self":[{"href":"https:\/\/shop.kustom.ch\/fr\/wp-json\/wp\/v2\/product\/500957"}],"collection":[{"href":"https:\/\/shop.kustom.ch\/fr\/wp-json\/wp\/v2\/product"}],"about":[{"href":"https:\/\/shop.kustom.ch\/fr\/wp-json\/wp\/v2\/types\/product"}],"wp:featuredmedia":[{"embeddable":true,"href":"https:\/\/shop.kustom.ch\/fr\/wp-json\/wp\/v2\/media\/501004"}],"wp:attachment":[{"href":"https:\/\/shop.kustom.ch\/fr\/wp-json\/wp\/v2\/media?parent=500957"}],"wp:term":[{"taxonomy":"product_brand","embeddable":true,"href":"https:\/\/shop.kustom.ch\/fr\/wp-json\/wp\/v2\/product_brand?post=500957"},{"taxonomy":"product_cat","embeddable":true,"href":"https:\/\/shop.kustom.ch\/fr\/wp-json\/wp\/v2\/product_cat?post=500957"},{"taxonomy":"product_tag","embeddable":true,"href":"https:\/\/shop.kustom.ch\/fr\/wp-json\/wp\/v2\/product_tag?post=500957"}],"curies":[{"name":"wp","href":"https:\/\/api.w.org\/{rel}","templated":true}]}}