{"id":500886,"date":"2025-01-24T23:38:46","date_gmt":"2025-01-24T22:38:46","guid":{"rendered":"https:\/\/shop.kustom.ch\/?post_type=product&#038;p=500886"},"modified":"2026-03-31T11:42:06","modified_gmt":"2026-03-31T10:42:06","slug":"manzanita-t-shirt-ladies","status":"publish","type":"product","link":"https:\/\/shop.kustom.ch\/fr\/produit\/manzanita-t-shirt-ladies\/","title":{"rendered":"T-shirt Manzanita Ladies"},"content":{"rendered":"<p>T-shirt \u00e9lastique, doux et \u00e9l\u00e9gant avec un col en V dans une coupe moderne pour un usage quotidien. Coupe id\u00e9ale et ennobli d'une petite \u00e9tiquette m\u00e9tallique C&amp;B sur le bas du devant\u201c.\u201c<\/p>\n<p>Mati\u00e8re : 95% coton, 5 % \u00e9lasthanne<\/p>","protected":false},"excerpt":{"rendered":"<p>Elastisches, weiches und edles T-Shirt mit V-Ausschnitt in modernem Schnitt f\u00fcr den t\u00e4glichen Gebrauch. Ideale Passform und veredelt mit einem kleinen C&amp;B Metall Label auf der untern Vorderseite.&#8220; Material: 95% Baumwolle, 5 % Elasthan<\/p>","protected":false},"featured_media":500943,"template":"","meta":[],"product_brand":[],"product_cat":[4201],"product_tag":[],"class_list":{"0":"post-500886","1":"product","2":"type-product","3":"status-publish","4":"has-post-thumbnail","6":"product_cat-t-shirts","7":"pa_brand-cutter-buck","8":"pa_brand-type-sportswear","9":"pa_filter-color-schwarz","10":"pa_filter-color-weiss","12":"first","13":"instock","14":"sale","15":"taxable","16":"shipping-taxable","17":"purchasable","18":"product-type-variable","19":"add-to-wishlist-before_image"},"exclude_global_add_ons":[],"addons":[],"acf":[],"_links":{"self":[{"href":"https:\/\/shop.kustom.ch\/fr\/wp-json\/wp\/v2\/product\/500886"}],"collection":[{"href":"https:\/\/shop.kustom.ch\/fr\/wp-json\/wp\/v2\/product"}],"about":[{"href":"https:\/\/shop.kustom.ch\/fr\/wp-json\/wp\/v2\/types\/product"}],"wp:featuredmedia":[{"embeddable":true,"href":"https:\/\/shop.kustom.ch\/fr\/wp-json\/wp\/v2\/media\/500943"}],"wp:attachment":[{"href":"https:\/\/shop.kustom.ch\/fr\/wp-json\/wp\/v2\/media?parent=500886"}],"wp:term":[{"taxonomy":"product_brand","embeddable":true,"href":"https:\/\/shop.kustom.ch\/fr\/wp-json\/wp\/v2\/product_brand?post=500886"},{"taxonomy":"product_cat","embeddable":true,"href":"https:\/\/shop.kustom.ch\/fr\/wp-json\/wp\/v2\/product_cat?post=500886"},{"taxonomy":"product_tag","embeddable":true,"href":"https:\/\/shop.kustom.ch\/fr\/wp-json\/wp\/v2\/product_tag?post=500886"}],"curies":[{"name":"wp","href":"https:\/\/api.w.org\/{rel}","templated":true}]}}