{"id":500750,"date":"2025-01-24T23:38:04","date_gmt":"2025-01-24T22:38:04","guid":{"rendered":"https:\/\/shop.kustom.ch\/?post_type=product&#038;p=500750"},"modified":"2026-03-31T11:48:39","modified_gmt":"2026-03-31T10:48:39","slug":"la-push-rain-jacket-men","status":"publish","type":"product","link":"https:\/\/shop.kustom.ch\/fr\/produit\/la-push-rain-jacket-men\/","title":{"rendered":"Veste de pluie La Push Men"},"content":{"rendered":"<p>La veste de pluie La Push a \u00e9t\u00e9 con\u00e7ue \u00e0 partir du m\u00eame tissu populaire que la veste La Push Wind, mais avec un rev\u00eatement suppl\u00e9mentaire et des coutures enti\u00e8rement scell\u00e9es pour prot\u00e9ger le porteur de l'humidit\u00e9. WP 3\u2019000 mm,MVP 3\u2019000 g \/m2 \/24h. \u00c9quip\u00e9 de fermetures \u00e0 glissi\u00e8re YKK. Logo C&amp;B sur le dos.<\/p>\n<p>Mat\u00e9riau : Ext\u00e9rieur : 100% polyester, Doublure : 100% polyester, WP 3000mm, MVP 3000g, m2, 24h<\/p>","protected":false},"excerpt":{"rendered":"<p>Die La Push Regenjacke wurde aus dem gleichen beliebten Stoff wie die La Push Wind Jacke entwickelt, jedoch mit zus\u00e4tzlicher Beschichtung und vollst\u00e4ndig versiegelten N\u00e4hten, um den Tr\u00e4ger vor N\u00e4sse zu sch\u00fctzen. WP 3&#8217;000 mm,MVP 3&#8217;000 g \/m2 \/24h. Ausgestattet mit YKK Reissverschl\u00fcssen. C&amp;B Logo auf der R\u00fcckseite. Material: Aussenmaterial: 100% Polyester, Futter: 100% Polyester, [&hellip;]<\/p>\n","protected":false},"featured_media":500804,"template":"","meta":[],"product_brand":[],"product_cat":[4186],"product_tag":[],"class_list":{"0":"post-500750","1":"product","2":"type-product","3":"status-publish","4":"has-post-thumbnail","6":"product_cat-jacken","7":"pa_brand-cutter-buck","8":"pa_brand-type-sportswear","9":"pa_filter-color-gelb","10":"pa_filter-color-schwarz","12":"first","13":"instock","14":"sale","15":"taxable","16":"shipping-taxable","17":"purchasable","18":"product-type-variable","19":"add-to-wishlist-before_image"},"exclude_global_add_ons":[],"addons":[],"acf":[],"_links":{"self":[{"href":"https:\/\/shop.kustom.ch\/fr\/wp-json\/wp\/v2\/product\/500750"}],"collection":[{"href":"https:\/\/shop.kustom.ch\/fr\/wp-json\/wp\/v2\/product"}],"about":[{"href":"https:\/\/shop.kustom.ch\/fr\/wp-json\/wp\/v2\/types\/product"}],"wp:featuredmedia":[{"embeddable":true,"href":"https:\/\/shop.kustom.ch\/fr\/wp-json\/wp\/v2\/media\/500804"}],"wp:attachment":[{"href":"https:\/\/shop.kustom.ch\/fr\/wp-json\/wp\/v2\/media?parent=500750"}],"wp:term":[{"taxonomy":"product_brand","embeddable":true,"href":"https:\/\/shop.kustom.ch\/fr\/wp-json\/wp\/v2\/product_brand?post=500750"},{"taxonomy":"product_cat","embeddable":true,"href":"https:\/\/shop.kustom.ch\/fr\/wp-json\/wp\/v2\/product_cat?post=500750"},{"taxonomy":"product_tag","embeddable":true,"href":"https:\/\/shop.kustom.ch\/fr\/wp-json\/wp\/v2\/product_tag?post=500750"}],"curies":[{"name":"wp","href":"https:\/\/api.w.org\/{rel}","templated":true}]}}