{"id":500682,"date":"2025-01-24T23:37:44","date_gmt":"2025-01-24T22:37:44","guid":{"rendered":"https:\/\/shop.kustom.ch\/?post_type=product&#038;p=500682"},"modified":"2026-03-31T11:43:44","modified_gmt":"2026-03-31T10:43:44","slug":"la-push-pro-jkt-ladies","status":"publish","type":"product","link":"https:\/\/shop.kustom.ch\/fr\/produit\/la-push-pro-jkt-ladies\/","title":{"rendered":"La Push Pro Jkt Ladies"},"content":{"rendered":"<p>Rehaussez votre exp\u00e9rience de golf avec notre veste coupe-vent l\u00e9g\u00e8re techniquement avanc\u00e9e, fabriqu\u00e9e dans un tissu tr\u00e8s \u00e9lastique qui vous permet une grande libert\u00e9 de mouvement. Cette veste fabriqu\u00e9e dans notre tissu WeatherTec innovant est con\u00e7ue pour les aventures en plein air, lorsque vous avez besoin d'une protection contre le vent et la pluie l\u00e9g\u00e8re. Les lignes \u00e9pur\u00e9es et la silhouette sportive offrent un look \u00e9lanc\u00e9 et styl\u00e9 qui passe sans transition du terrain de golf aux sorties informelles. Les poignets \u00e9lastiques offrent une protection contre les conditions m\u00e9t\u00e9orologiques changeantes.<\/p>\n<p>Mati\u00e8re : 80% polyester recycl\u00e9, 20% \u00e9lasthanne<\/p>","protected":false},"excerpt":{"rendered":"<p>Heben Sie Ihre Golferfahrung mit unserer technisch fortschrittlichen leichten Windjacke an, die aus hochelastischem Stoff gefertigt ist und Ihnen eine grosse Bewegungsfreiheit erm\u00f6glicht. Diese Jacke aus unserem innovativen WeatherTec-Stoff ist f\u00fcr Outdoor-Abenteuer konzipiert, wenn Sie Schutz vor Wind und leichtem Regen ben\u00f6tigen. Die klaren Linien und die sportliche Silhouette bieten einen schlanken und stilvollen Look, [&hellip;]<\/p>\n","protected":false},"featured_media":500742,"template":"","meta":[],"product_brand":[],"product_cat":[4186],"product_tag":[],"class_list":{"0":"post-500682","1":"product","2":"type-product","3":"status-publish","4":"has-post-thumbnail","6":"product_cat-jacken","7":"pa_brand-cutter-buck","8":"pa_brand-type-sportswear","9":"pa_filter-color-blau","10":"pa_filter-color-gruen","11":"pa_filter-color-schwarz","13":"first","14":"instock","15":"sale","16":"taxable","17":"shipping-taxable","18":"purchasable","19":"product-type-variable","20":"add-to-wishlist-before_image"},"exclude_global_add_ons":[],"addons":[],"acf":[],"_links":{"self":[{"href":"https:\/\/shop.kustom.ch\/fr\/wp-json\/wp\/v2\/product\/500682"}],"collection":[{"href":"https:\/\/shop.kustom.ch\/fr\/wp-json\/wp\/v2\/product"}],"about":[{"href":"https:\/\/shop.kustom.ch\/fr\/wp-json\/wp\/v2\/types\/product"}],"wp:featuredmedia":[{"embeddable":true,"href":"https:\/\/shop.kustom.ch\/fr\/wp-json\/wp\/v2\/media\/500742"}],"wp:attachment":[{"href":"https:\/\/shop.kustom.ch\/fr\/wp-json\/wp\/v2\/media?parent=500682"}],"wp:term":[{"taxonomy":"product_brand","embeddable":true,"href":"https:\/\/shop.kustom.ch\/fr\/wp-json\/wp\/v2\/product_brand?post=500682"},{"taxonomy":"product_cat","embeddable":true,"href":"https:\/\/shop.kustom.ch\/fr\/wp-json\/wp\/v2\/product_cat?post=500682"},{"taxonomy":"product_tag","embeddable":true,"href":"https:\/\/shop.kustom.ch\/fr\/wp-json\/wp\/v2\/product_tag?post=500682"}],"curies":[{"name":"wp","href":"https:\/\/api.w.org\/{rel}","templated":true}]}}