{"id":500612,"date":"2025-01-24T23:37:25","date_gmt":"2025-01-24T22:37:25","guid":{"rendered":"https:\/\/shop.kustom.ch\/?post_type=product&#038;p=500612"},"modified":"2026-03-31T11:33:48","modified_gmt":"2026-03-31T10:33:48","slug":"kennewick-crewneck-men","status":"publish","type":"product","link":"https:\/\/shop.kustom.ch\/fr\/produit\/kennewick-crewneck-men\/","title":{"rendered":"Kennewick Crewneck Men"},"content":{"rendered":"<p>Kennewick est notre pull en tricot m\u00e9rinos l\u00e9ger \u00e0 la coupe moderne et au col rond. Il est fabriqu\u00e9 en Italie \u00e0 partir de laine m\u00e9rinos de qualit\u00e9 sup\u00e9rieure provenant de la c\u00e9l\u00e8bre soci\u00e9t\u00e9 Baruffa, commercialis\u00e9e sous le nom de \u201eShiny as Silk, Soft as Cashmere\u201c. Kennewick est le pull-over d'affaires parfait, que l'on peut porter toute l'ann\u00e9e et qui ne se d\u00e9mode jamais.<\/p>\n<p>Mati\u00e8re : 100% laine m\u00e9rinos, lavage \u00e0 la main<\/p>","protected":false},"excerpt":{"rendered":"<p>Kennewick ist unser leichter Merino Strickpullover in moderner Passform und mit Rundhals. Der Strick ist aus hochwertiger Merinowolle der renommierten Baruffa in Italien hergestellt, das unter dem Namen &#8222;Shiny as Silk, Soft as Cashmere&#8220; vermarktet wird. Kennewick ist der perfekte Business Pullover, den man das ganze Jahr \u00fcber tragen kann und der nie aus der [&hellip;]<\/p>\n","protected":false},"featured_media":500661,"template":"","meta":[],"product_brand":[],"product_cat":[4191],"product_tag":[],"class_list":{"0":"post-500612","1":"product","2":"type-product","3":"status-publish","4":"has-post-thumbnail","6":"product_cat-longsleeves-sweatshirts","7":"pa_brand-cutter-buck","8":"pa_brand-type-sportswear","9":"pa_filter-color-blau","10":"pa_filter-color-braun","11":"pa_filter-color-grau","12":"pa_filter-color-schwarz","14":"first","15":"instock","16":"sale","17":"taxable","18":"shipping-taxable","19":"purchasable","20":"product-type-variable","21":"add-to-wishlist-before_image"},"exclude_global_add_ons":[],"addons":[],"acf":[],"_links":{"self":[{"href":"https:\/\/shop.kustom.ch\/fr\/wp-json\/wp\/v2\/product\/500612"}],"collection":[{"href":"https:\/\/shop.kustom.ch\/fr\/wp-json\/wp\/v2\/product"}],"about":[{"href":"https:\/\/shop.kustom.ch\/fr\/wp-json\/wp\/v2\/types\/product"}],"wp:featuredmedia":[{"embeddable":true,"href":"https:\/\/shop.kustom.ch\/fr\/wp-json\/wp\/v2\/media\/500661"}],"wp:attachment":[{"href":"https:\/\/shop.kustom.ch\/fr\/wp-json\/wp\/v2\/media?parent=500612"}],"wp:term":[{"taxonomy":"product_brand","embeddable":true,"href":"https:\/\/shop.kustom.ch\/fr\/wp-json\/wp\/v2\/product_brand?post=500612"},{"taxonomy":"product_cat","embeddable":true,"href":"https:\/\/shop.kustom.ch\/fr\/wp-json\/wp\/v2\/product_cat?post=500612"},{"taxonomy":"product_tag","embeddable":true,"href":"https:\/\/shop.kustom.ch\/fr\/wp-json\/wp\/v2\/product_tag?post=500612"}],"curies":[{"name":"wp","href":"https:\/\/api.w.org\/{rel}","templated":true}]}}