{"id":500211,"date":"2025-01-24T23:35:31","date_gmt":"2025-01-24T22:35:31","guid":{"rendered":"https:\/\/shop.kustom.ch\/?post_type=product&#038;p=500211"},"modified":"2026-03-31T11:44:44","modified_gmt":"2026-03-31T10:44:44","slug":"hansville-shirt-ladies","status":"publish","type":"product","link":"https:\/\/shop.kustom.ch\/fr\/produit\/hansville-shirt-ladies\/","title":{"rendered":"Chemise Hansville Ladies"},"content":{"rendered":"<p>Hansville est une r\u00e9interpr\u00e9tation d'une chemise oxford classique avec un stretch suppl\u00e9mentaire pour une coupe optimis\u00e9e. Le tissu est pr\u00e9lav\u00e9 pour une finition luxueuse et douce. Avec col boutonn\u00e9, poche poitrine et ourlet arrondi. Ce v\u00eatement polyvalent sera votre classique num\u00e9ro 1.<\/p>\n<p>Mati\u00e8re : 97% coton, 3% \u00e9lasthanne<\/p>","protected":false},"excerpt":{"rendered":"<p>Hansville ist eine Neuinterpretation eines klassischen Oxford Hemdes mit zus\u00e4tzlichem Stretch f\u00fcr eine optmierte Passform. Der Stoff ist vorgewaschen f\u00fcr ein luxuri\u00f6ses, weiches Finish. Mit Button Down-Kragen, Brusttasche und abgerundetem Saum. Dieses vielseitige Kleidungsst\u00fcck wird Ihr Klassiker Nummer 1 sein. Material: 97% Baumwolle, 3% Elasthan<\/p>","protected":false},"featured_media":500247,"template":"","meta":[],"product_brand":[],"product_cat":[9895],"product_tag":[],"class_list":{"0":"post-500211","1":"product","2":"type-product","3":"status-publish","4":"has-post-thumbnail","6":"product_cat-blusen","7":"pa_brand-cutter-buck","8":"pa_brand-type-sportswear","9":"pa_filter-color-blau","10":"pa_filter-color-schwarz","11":"pa_filter-color-weiss","13":"first","14":"instock","15":"sale","16":"taxable","17":"shipping-taxable","18":"purchasable","19":"product-type-variable","20":"add-to-wishlist-before_image"},"exclude_global_add_ons":[],"addons":[],"acf":[],"_links":{"self":[{"href":"https:\/\/shop.kustom.ch\/fr\/wp-json\/wp\/v2\/product\/500211"}],"collection":[{"href":"https:\/\/shop.kustom.ch\/fr\/wp-json\/wp\/v2\/product"}],"about":[{"href":"https:\/\/shop.kustom.ch\/fr\/wp-json\/wp\/v2\/types\/product"}],"wp:featuredmedia":[{"embeddable":true,"href":"https:\/\/shop.kustom.ch\/fr\/wp-json\/wp\/v2\/media\/500247"}],"wp:attachment":[{"href":"https:\/\/shop.kustom.ch\/fr\/wp-json\/wp\/v2\/media?parent=500211"}],"wp:term":[{"taxonomy":"product_brand","embeddable":true,"href":"https:\/\/shop.kustom.ch\/fr\/wp-json\/wp\/v2\/product_brand?post=500211"},{"taxonomy":"product_cat","embeddable":true,"href":"https:\/\/shop.kustom.ch\/fr\/wp-json\/wp\/v2\/product_cat?post=500211"},{"taxonomy":"product_tag","embeddable":true,"href":"https:\/\/shop.kustom.ch\/fr\/wp-json\/wp\/v2\/product_tag?post=500211"}],"curies":[{"name":"wp","href":"https:\/\/api.w.org\/{rel}","templated":true}]}}