{"id":500137,"date":"2025-01-24T23:35:04","date_gmt":"2025-01-24T22:35:04","guid":{"rendered":"https:\/\/shop.kustom.ch\/?post_type=product&#038;p=500137"},"modified":"2026-03-31T11:35:51","modified_gmt":"2026-03-31T10:35:51","slug":"everett-v-neck-men","status":"publish","type":"product","link":"https:\/\/shop.kustom.ch\/fr\/produit\/everett-v-neck-men\/","title":{"rendered":"Everett V-neck Men"},"content":{"rendered":"<p>Notre pull-over tricot\u00e9 \u00e0 col en V best-seller est un classique de tous les temps. Il est fabriqu\u00e9 en laine m\u00e9rinos Baruffa extra fine et \u00e9lastique de la plus haute qualit\u00e9. La coupe a \u00e9t\u00e9 retravaill\u00e9e et offre une grande libert\u00e9 de mouvement. \u00c9tiquette m\u00e9tallique discr\u00e8te et petit logo brod\u00e9 C&amp;B sur la nuque.<\/p>\n<p>Mati\u00e8re : 100% laine m\u00e9rinos, lavage \u00e0 la main<\/p>","protected":false},"excerpt":{"rendered":"<p>Ein all-time Klassiker ist unser Bestseller V-Neck Strickpullover aus extra feiner, elastischer Baruffa Merinowolle in h\u00f6chster Qualit\u00e4t. Die Passform wurde \u00fcberarbeitet und bietet viel Bewegungsfreiheit. Dezentes Metal Label und kleines C&amp;B Sticklogo am Nacken. Material: 100% Merinowolle, Handw\u00e4sche<\/p>","protected":false},"featured_media":500152,"template":"","meta":[],"product_brand":[],"product_cat":[4191],"product_tag":[],"class_list":{"0":"post-500137","1":"product","2":"type-product","3":"status-publish","4":"has-post-thumbnail","6":"product_cat-longsleeves-sweatshirts","7":"pa_brand-cutter-buck","8":"pa_brand-type-sportswear","9":"pa_filter-color-blau","10":"pa_filter-color-grau","11":"pa_filter-color-rot","12":"pa_filter-color-schwarz","14":"first","15":"instock","16":"sale","17":"taxable","18":"shipping-taxable","19":"purchasable","20":"product-type-variable","21":"add-to-wishlist-before_image"},"exclude_global_add_ons":[],"addons":[],"acf":[],"_links":{"self":[{"href":"https:\/\/shop.kustom.ch\/fr\/wp-json\/wp\/v2\/product\/500137"}],"collection":[{"href":"https:\/\/shop.kustom.ch\/fr\/wp-json\/wp\/v2\/product"}],"about":[{"href":"https:\/\/shop.kustom.ch\/fr\/wp-json\/wp\/v2\/types\/product"}],"wp:featuredmedia":[{"embeddable":true,"href":"https:\/\/shop.kustom.ch\/fr\/wp-json\/wp\/v2\/media\/500152"}],"wp:attachment":[{"href":"https:\/\/shop.kustom.ch\/fr\/wp-json\/wp\/v2\/media?parent=500137"}],"wp:term":[{"taxonomy":"product_brand","embeddable":true,"href":"https:\/\/shop.kustom.ch\/fr\/wp-json\/wp\/v2\/product_brand?post=500137"},{"taxonomy":"product_cat","embeddable":true,"href":"https:\/\/shop.kustom.ch\/fr\/wp-json\/wp\/v2\/product_cat?post=500137"},{"taxonomy":"product_tag","embeddable":true,"href":"https:\/\/shop.kustom.ch\/fr\/wp-json\/wp\/v2\/product_tag?post=500137"}],"curies":[{"name":"wp","href":"https:\/\/api.w.org\/{rel}","templated":true}]}}