{"id":500004,"date":"2025-01-24T23:34:31","date_gmt":"2025-01-24T22:34:31","guid":{"rendered":"https:\/\/shop.kustom.ch\/?post_type=product&#038;p=500004"},"modified":"2026-03-31T11:46:17","modified_gmt":"2026-03-31T10:46:17","slug":"ellensburg-denim-shirt-men","status":"publish","type":"product","link":"https:\/\/shop.kustom.ch\/fr\/produit\/ellensburg-denim-shirt-men\/","title":{"rendered":"Ellensburg Denim shirt Men"},"content":{"rendered":"<p>Chemise en jean en tissu denim doux et r\u00e9sistant de couleur indigo. Coupe optimale avec un col de forme moderne. Ce v\u00eatement d\u00e9finit le code vestimentaire moderne. Avec ses racines occidentales, Ellensburg combine des d\u00e9tails de chemise en jean originaux et un design moderne. Chemise pour homme avec poche poitrine sur le c\u00f4t\u00e9 gauche. Certifi\u00e9 Oeko-Tex.<\/p>\n<p>Mati\u00e8re : 100% coton<\/p>","protected":false},"excerpt":{"rendered":"<p>Jeanshemd aus weichem und strapazierf\u00e4higem indigogef\u00e4rbtem Denim Stoff. Optimale Passform mit einem modern geformten Kragen. Dieses Kleidungsst\u00fcck definiert den modernen Dress Code. Mit seinen westlichen Wurzeln kombiniert Ellensburg originale Jeanshemddetails und modernes Design. Herrenhemd mit Brusttasche auf der linken Seite. Oeko-Tex zertifiziert. Material: 100% Baumwolle<\/p>","protected":false},"featured_media":500060,"template":"","meta":[],"product_brand":[],"product_cat":[9874],"product_tag":[],"class_list":{"0":"post-500004","1":"product","2":"type-product","3":"status-publish","4":"has-post-thumbnail","6":"product_cat-hemden","7":"pa_brand-cutter-buck","8":"pa_brand-type-sportswear","9":"pa_filter-color-blau","10":"pa_filter-color-grau","12":"first","13":"instock","14":"sale","15":"taxable","16":"shipping-taxable","17":"purchasable","18":"product-type-variable","19":"add-to-wishlist-before_image"},"exclude_global_add_ons":[],"addons":[],"acf":[],"_links":{"self":[{"href":"https:\/\/shop.kustom.ch\/fr\/wp-json\/wp\/v2\/product\/500004"}],"collection":[{"href":"https:\/\/shop.kustom.ch\/fr\/wp-json\/wp\/v2\/product"}],"about":[{"href":"https:\/\/shop.kustom.ch\/fr\/wp-json\/wp\/v2\/types\/product"}],"wp:featuredmedia":[{"embeddable":true,"href":"https:\/\/shop.kustom.ch\/fr\/wp-json\/wp\/v2\/media\/500060"}],"wp:attachment":[{"href":"https:\/\/shop.kustom.ch\/fr\/wp-json\/wp\/v2\/media?parent=500004"}],"wp:term":[{"taxonomy":"product_brand","embeddable":true,"href":"https:\/\/shop.kustom.ch\/fr\/wp-json\/wp\/v2\/product_brand?post=500004"},{"taxonomy":"product_cat","embeddable":true,"href":"https:\/\/shop.kustom.ch\/fr\/wp-json\/wp\/v2\/product_cat?post=500004"},{"taxonomy":"product_tag","embeddable":true,"href":"https:\/\/shop.kustom.ch\/fr\/wp-json\/wp\/v2\/product_tag?post=500004"}],"curies":[{"name":"wp","href":"https:\/\/api.w.org\/{rel}","templated":true}]}}