{"id":499868,"date":"2025-01-24T23:34:00","date_gmt":"2025-01-24T22:34:00","guid":{"rendered":"https:\/\/shop.kustom.ch\/?post_type=product&#038;p=499868"},"modified":"2026-03-31T11:44:57","modified_gmt":"2026-03-31T10:44:57","slug":"coos-bay-half-zip-men","status":"publish","type":"product","link":"https:\/\/shop.kustom.ch\/fr\/produit\/coos-bay-half-zip-men\/","title":{"rendered":"Demi-zip Coos Bay Hommes"},"content":{"rendered":"<p>Ce haut moderne \u00e0 manches longues avec fermeture \u00e9clair YKK est fabriqu\u00e9 dans un mat\u00e9riau super doux avec un int\u00e9rieur bross\u00e9 pour garder le corps au chaud. De plus, le mat\u00e9riau offre une \u00e9vacuation optimale de l'humidit\u00e9 de la peau. La partie sup\u00e9rieure a une forme ergonomique pour une coupe active proche de la peau. Les propri\u00e9t\u00e9s stretch vous donnent une libert\u00e9 de mouvement.  Con\u00e7u pour \u00eatre utilis\u00e9 comme couche de base sous une veste ou comme deuxi\u00e8me couche sur un polo pour une journ\u00e9e active en plein air.<\/p>\n<p>Mat\u00e9riau : polyester 100%<\/p>","protected":false},"excerpt":{"rendered":"<p>Dieses lang\u00e4rmelige moderne Oberteil mit YKK Reissverschluss ist aus einem superweichen Material mit geb\u00fcrsteter Innenseite hergestellt, um den K\u00f6rper warm zu halten. Zudem bietet das Material einen optimalen Feuchtigkeitsabtransport von der Haut. Das Oberteil ist ergonomisch geformt f\u00fcr eine aktive hautnahe Passform. Die Stretch Eigenschaften geben Ihnen Bewegungsfreiheit. Entwickelt f\u00fcr den Einsatz als Baselayer unter [&hellip;]<\/p>\n","protected":false},"featured_media":499901,"template":"","meta":[],"product_brand":[],"product_cat":[4191],"product_tag":[],"class_list":{"0":"post-499868","1":"product","2":"type-product","3":"status-publish","4":"has-post-thumbnail","6":"product_cat-longsleeves-sweatshirts","7":"pa_brand-cutter-buck","8":"pa_brand-type-sportswear","9":"pa_filter-color-blau","10":"pa_filter-color-rot","11":"pa_filter-color-schwarz","12":"pa_filter-color-weiss","14":"first","15":"instock","16":"sale","17":"taxable","18":"shipping-taxable","19":"purchasable","20":"product-type-variable","21":"add-to-wishlist-before_image"},"exclude_global_add_ons":[],"addons":[],"acf":[],"_links":{"self":[{"href":"https:\/\/shop.kustom.ch\/fr\/wp-json\/wp\/v2\/product\/499868"}],"collection":[{"href":"https:\/\/shop.kustom.ch\/fr\/wp-json\/wp\/v2\/product"}],"about":[{"href":"https:\/\/shop.kustom.ch\/fr\/wp-json\/wp\/v2\/types\/product"}],"wp:featuredmedia":[{"embeddable":true,"href":"https:\/\/shop.kustom.ch\/fr\/wp-json\/wp\/v2\/media\/499901"}],"wp:attachment":[{"href":"https:\/\/shop.kustom.ch\/fr\/wp-json\/wp\/v2\/media?parent=499868"}],"wp:term":[{"taxonomy":"product_brand","embeddable":true,"href":"https:\/\/shop.kustom.ch\/fr\/wp-json\/wp\/v2\/product_brand?post=499868"},{"taxonomy":"product_cat","embeddable":true,"href":"https:\/\/shop.kustom.ch\/fr\/wp-json\/wp\/v2\/product_cat?post=499868"},{"taxonomy":"product_tag","embeddable":true,"href":"https:\/\/shop.kustom.ch\/fr\/wp-json\/wp\/v2\/product_tag?post=499868"}],"curies":[{"name":"wp","href":"https:\/\/api.w.org\/{rel}","templated":true}]}}