{"id":499801,"date":"2025-01-24T23:33:37","date_gmt":"2025-01-24T22:33:37","guid":{"rendered":"https:\/\/shop.kustom.ch\/?post_type=product&#038;p=499801"},"modified":"2026-03-31T11:37:20","modified_gmt":"2026-03-31T10:37:20","slug":"colville-belt","status":"publish","type":"product","link":"https:\/\/shop.kustom.ch\/fr\/produit\/colville-belt\/","title":{"rendered":"Colville Belt"},"content":{"rendered":"<p>Ceinture en cuir styl\u00e9e en mati\u00e8re stretch tress\u00e9e. Facile \u00e0 ajuster \u00e0 la taille. Boucle m\u00e9tallique classique avec logo C&amp;B.<\/p>\n<p>Mat\u00e9riau : cuir et PU<\/p>","protected":false},"excerpt":{"rendered":"<p>Stylisher Lederg\u00fcrtel in geflochtenem Stretchmaterial. Einfach an die Taille anzupassen. Klassische Metallschnalle mit C&amp;B Logo. Material: Leder und PU<\/p>","protected":false},"featured_media":499856,"template":"","meta":[],"product_brand":[],"product_cat":[4178,4209],"product_tag":[],"class_list":{"0":"post-499801","1":"product","2":"type-product","3":"status-publish","4":"has-post-thumbnail","6":"product_cat-guertel","7":"product_cat-zubehoer","8":"pa_brand-cutter-buck","9":"pa_brand-type-sportswear","10":"pa_filter-color-schwarz","12":"first","13":"instock","14":"sale","15":"taxable","16":"shipping-taxable","17":"purchasable","18":"product-type-variable","19":"add-to-wishlist-before_image"},"exclude_global_add_ons":[],"addons":[],"acf":[],"_links":{"self":[{"href":"https:\/\/shop.kustom.ch\/fr\/wp-json\/wp\/v2\/product\/499801"}],"collection":[{"href":"https:\/\/shop.kustom.ch\/fr\/wp-json\/wp\/v2\/product"}],"about":[{"href":"https:\/\/shop.kustom.ch\/fr\/wp-json\/wp\/v2\/types\/product"}],"wp:featuredmedia":[{"embeddable":true,"href":"https:\/\/shop.kustom.ch\/fr\/wp-json\/wp\/v2\/media\/499856"}],"wp:attachment":[{"href":"https:\/\/shop.kustom.ch\/fr\/wp-json\/wp\/v2\/media?parent=499801"}],"wp:term":[{"taxonomy":"product_brand","embeddable":true,"href":"https:\/\/shop.kustom.ch\/fr\/wp-json\/wp\/v2\/product_brand?post=499801"},{"taxonomy":"product_cat","embeddable":true,"href":"https:\/\/shop.kustom.ch\/fr\/wp-json\/wp\/v2\/product_cat?post=499801"},{"taxonomy":"product_tag","embeddable":true,"href":"https:\/\/shop.kustom.ch\/fr\/wp-json\/wp\/v2\/product_tag?post=499801"}],"curies":[{"name":"wp","href":"https:\/\/api.w.org\/{rel}","templated":true}]}}