{"id":499735,"date":"2025-01-24T23:33:11","date_gmt":"2025-01-24T22:33:11","guid":{"rendered":"https:\/\/shop.kustom.ch\/?post_type=product&#038;p=499735"},"modified":"2026-03-31T11:45:15","modified_gmt":"2026-03-31T10:45:15","slug":"chambers-half-zip-men","status":"publish","type":"product","link":"https:\/\/shop.kustom.ch\/fr\/produit\/chambers-half-zip-men\/","title":{"rendered":"Demi-zip Chambers Hommes"},"content":{"rendered":"<p>Chambers est un pull-over fonctionnel fabriqu\u00e9 en polyester extr\u00eamement doux et confortable avec DryTec et protection UV, qui \u00e9vacue l'humidit\u00e9 de votre corps lorsque vous faites du sport. \u00c9quip\u00e9 d'une fermeture \u00e9clair YKK\u00ae mi-haute au milieu et d'une patte de boutonnage protectrice en dessous pour prot\u00e9ger votre peau. Manches raglan pour une plus grande libert\u00e9 de mouvement. Chambers est la couche interm\u00e9diaire parfaite \u00e0 porter sous une veste shell ou comme couche sup\u00e9rieure pour une journ\u00e9e plus chaude. Petite poche de poitrine zipp\u00e9e pour les cl\u00e9s et les cartes.<\/p>\n<p>Mat\u00e9riau : polyester 100%<\/p>","protected":false},"excerpt":{"rendered":"<p>Chambers ist ein funktioneller Pullover, der aus extrem weichem und komfortablem Polyestermaterial mit DryTec und UV Schutz gefertigt ist und die Feuchtigkeit von Ihrem K\u00f6rper ableitet, wenn Sie Sport treiben. Ausgestattet mit einem halbhohen YKK\u00ae Reisserschluss in der Mitte und einer sch\u00fctzenden Knopfleiste darunter, um Ihre Haut zu sch\u00fctzen. Raglanf\u00f6rmige \u00c4rmel f\u00fcr zus\u00e4tzliche Bewegungsfreiheit. Chambers [&hellip;]<\/p>\n","protected":false},"featured_media":499798,"template":"","meta":[],"product_brand":[],"product_cat":[4191],"product_tag":[],"class_list":{"0":"post-499735","1":"product","2":"type-product","3":"status-publish","4":"has-post-thumbnail","6":"product_cat-longsleeves-sweatshirts","7":"pa_brand-cutter-buck","8":"pa_brand-type-sportswear","9":"pa_filter-color-blau","10":"pa_filter-color-grau","12":"first","13":"instock","14":"sale","15":"taxable","16":"shipping-taxable","17":"purchasable","18":"product-type-variable","19":"add-to-wishlist-before_image"},"exclude_global_add_ons":[],"addons":[],"acf":[],"_links":{"self":[{"href":"https:\/\/shop.kustom.ch\/fr\/wp-json\/wp\/v2\/product\/499735"}],"collection":[{"href":"https:\/\/shop.kustom.ch\/fr\/wp-json\/wp\/v2\/product"}],"about":[{"href":"https:\/\/shop.kustom.ch\/fr\/wp-json\/wp\/v2\/types\/product"}],"wp:featuredmedia":[{"embeddable":true,"href":"https:\/\/shop.kustom.ch\/fr\/wp-json\/wp\/v2\/media\/499798"}],"wp:attachment":[{"href":"https:\/\/shop.kustom.ch\/fr\/wp-json\/wp\/v2\/media?parent=499735"}],"wp:term":[{"taxonomy":"product_brand","embeddable":true,"href":"https:\/\/shop.kustom.ch\/fr\/wp-json\/wp\/v2\/product_brand?post=499735"},{"taxonomy":"product_cat","embeddable":true,"href":"https:\/\/shop.kustom.ch\/fr\/wp-json\/wp\/v2\/product_cat?post=499735"},{"taxonomy":"product_tag","embeddable":true,"href":"https:\/\/shop.kustom.ch\/fr\/wp-json\/wp\/v2\/product_tag?post=499735"}],"curies":[{"name":"wp","href":"https:\/\/api.w.org\/{rel}","templated":true}]}}