{"id":499732,"date":"2025-01-24T23:33:11","date_gmt":"2025-01-24T22:33:11","guid":{"rendered":"https:\/\/shop.kustom.ch\/?post_type=product&#038;p=499732"},"modified":"2026-03-31T11:32:30","modified_gmt":"2026-03-31T10:32:30","slug":"cavalero-jacket","status":"publish","type":"product","link":"https:\/\/shop.kustom.ch\/fr\/produit\/cavalero-jacket\/","title":{"rendered":"Veste Cavalero"},"content":{"rendered":"<p>Notre manteau Cavelero est le compagnon id\u00e9al pour toutes les occasions et toutes les saisons. Le manteau est trait\u00e9 avec des caract\u00e9ristiques techniques, telles que des coutures renforc\u00e9es \u00e9tanches et soud\u00e9es, pour la protection contre la pluie l\u00e9g\u00e8re et le vent. Cousu avec des coutures piqu\u00e9es, il re\u00e7oit la couche d'isolation en sustans de DuPont \u2122 Sorona \u00ae. La doublure int\u00e9rieure vous garde au chaud du d\u00e9but de l'automne jusqu'aux mois d'hiver. \u00c9quip\u00e9e d'une patte de boutonnage dissimul\u00e9e sur le devant, d'une couche frontale zip-off, d'une poche de poitrine \u00e9tanche et de deux poches ext\u00e9rieures pour les mains.<\/p>\n<p>Composition : Ext\u00e9rieur : 100% polyester, Remplissage : 100% polyester, Doublure : 100% nylon<\/p>","protected":false},"excerpt":{"rendered":"<p>Unser Mantel Cavelero ist der perfekte Begleiter f\u00fcr alle Gelegenheiten zu jeder Jahreszeiten. Der Mantel ist mit technischen Eigenschaften, wie verst\u00e4rkten wasserdichten und verschweissten N\u00e4hten, zum Schutz vor leichtem Regen und Wind verarbeitet. Gen\u00e4ht mit gesteppten N\u00e4hten, die die Isolationsschicht aus Sustans von DuPont \u2122 Sorona \u00ae erh\u00e4lt. Das Innenfutter h\u00e4lt Sie vom fr\u00fchen Herbst [&hellip;]<\/p>\n","protected":false},"featured_media":499754,"template":"","meta":[],"product_brand":[],"product_cat":[4186],"product_tag":[],"class_list":{"0":"post-499732","1":"product","2":"type-product","3":"status-publish","4":"has-post-thumbnail","6":"product_cat-jacken","7":"pa_brand-cutter-buck","8":"pa_brand-type-sportswear","9":"pa_filter-color-blau","10":"pa_filter-color-schwarz","12":"first","13":"instock","14":"sale","15":"taxable","16":"shipping-taxable","17":"purchasable","18":"product-type-variable","19":"add-to-wishlist-before_image"},"exclude_global_add_ons":[],"addons":[],"acf":[],"_links":{"self":[{"href":"https:\/\/shop.kustom.ch\/fr\/wp-json\/wp\/v2\/product\/499732"}],"collection":[{"href":"https:\/\/shop.kustom.ch\/fr\/wp-json\/wp\/v2\/product"}],"about":[{"href":"https:\/\/shop.kustom.ch\/fr\/wp-json\/wp\/v2\/types\/product"}],"wp:featuredmedia":[{"embeddable":true,"href":"https:\/\/shop.kustom.ch\/fr\/wp-json\/wp\/v2\/media\/499754"}],"wp:attachment":[{"href":"https:\/\/shop.kustom.ch\/fr\/wp-json\/wp\/v2\/media?parent=499732"}],"wp:term":[{"taxonomy":"product_brand","embeddable":true,"href":"https:\/\/shop.kustom.ch\/fr\/wp-json\/wp\/v2\/product_brand?post=499732"},{"taxonomy":"product_cat","embeddable":true,"href":"https:\/\/shop.kustom.ch\/fr\/wp-json\/wp\/v2\/product_cat?post=499732"},{"taxonomy":"product_tag","embeddable":true,"href":"https:\/\/shop.kustom.ch\/fr\/wp-json\/wp\/v2\/product_tag?post=499732"}],"curies":[{"name":"wp","href":"https:\/\/api.w.org\/{rel}","templated":true}]}}