{"id":499731,"date":"2025-01-24T23:33:11","date_gmt":"2025-01-24T22:33:11","guid":{"rendered":"https:\/\/shop.kustom.ch\/?post_type=product&#038;p=499731"},"modified":"2026-03-31T11:31:24","modified_gmt":"2026-03-31T10:31:24","slug":"cascade-sherpa-fleece-men","status":"publish","type":"product","link":"https:\/\/shop.kustom.ch\/fr\/produit\/cascade-sherpa-fleece-men\/","title":{"rendered":"Cascade Sherpa Fleece Men"},"content":{"rendered":"<p>Fabriqu\u00e9e \u00e0 partir de bouteilles en plastique recycl\u00e9es par les consommateurs, la veste Cascade Sherpa Fleece travaille pour l'harmonie entre la nature et les affaires. Construite pour offrir une chaleur et une polyvalence exceptionnelles, elle a \u00e9t\u00e9 con\u00e7ue pour \u00eatre votre veste pr\u00e9f\u00e9r\u00e9e pour le golf, le ski, la randonn\u00e9e, le bateau, le travail, les voyages ou les sorties du week-end. Notre veste polaire chaude et de haute qualit\u00e9 est incroyablement confortable, avec une polaire bross\u00e9e \u00e0 l'int\u00e9rieur pour une sensation de confort, tout en restant respirante pour que vous puissiez \u00eatre actif et rester au chaud sans perdre en qualit\u00e9 et en artisanat.<\/p>\n<p>Mati\u00e8re : polyester recycl\u00e9 71%, polaire sherpa en polyester 29%<\/p>","protected":false},"excerpt":{"rendered":"<p>Hergestellt aus recycelten Plastikflaschen nach Verbraucherrecycling, arbeitet die Cascade Sherpa Fleece Jacke f\u00fcr Harmonie zwischen Natur und Gesch\u00e4ft. Konstruiert f\u00fcr aussergew\u00f6hnliche W\u00e4rme und Vielseitigkeit, wurde sie entwickelt, um Ihre Lieblingsjacke zum Golfen, Skifahren, Wandern, Bootfahren, Arbeiten, Reisen oder f\u00fcr Wochenendausfl\u00fcge zu sein. Unsere hochwertige und warmen Fleecejacke ist unglaublich bequem, mit geb\u00fcrstetem Fleece innen f\u00fcr [&hellip;]<\/p>\n","protected":false},"featured_media":499738,"template":"","meta":[],"product_brand":[],"product_cat":[4186],"product_tag":[],"class_list":{"0":"post-499731","1":"product","2":"type-product","3":"status-publish","4":"has-post-thumbnail","6":"product_cat-jacken","7":"pa_brand-cutter-buck","8":"pa_brand-type-sportswear","9":"pa_filter-color-blau","10":"pa_filter-color-weiss","12":"first","13":"instock","14":"sale","15":"taxable","16":"shipping-taxable","17":"purchasable","18":"product-type-variable","19":"add-to-wishlist-before_image"},"exclude_global_add_ons":[],"addons":[],"acf":[],"_links":{"self":[{"href":"https:\/\/shop.kustom.ch\/fr\/wp-json\/wp\/v2\/product\/499731"}],"collection":[{"href":"https:\/\/shop.kustom.ch\/fr\/wp-json\/wp\/v2\/product"}],"about":[{"href":"https:\/\/shop.kustom.ch\/fr\/wp-json\/wp\/v2\/types\/product"}],"wp:featuredmedia":[{"embeddable":true,"href":"https:\/\/shop.kustom.ch\/fr\/wp-json\/wp\/v2\/media\/499738"}],"wp:attachment":[{"href":"https:\/\/shop.kustom.ch\/fr\/wp-json\/wp\/v2\/media?parent=499731"}],"wp:term":[{"taxonomy":"product_brand","embeddable":true,"href":"https:\/\/shop.kustom.ch\/fr\/wp-json\/wp\/v2\/product_brand?post=499731"},{"taxonomy":"product_cat","embeddable":true,"href":"https:\/\/shop.kustom.ch\/fr\/wp-json\/wp\/v2\/product_cat?post=499731"},{"taxonomy":"product_tag","embeddable":true,"href":"https:\/\/shop.kustom.ch\/fr\/wp-json\/wp\/v2\/product_tag?post=499731"}],"curies":[{"name":"wp","href":"https:\/\/api.w.org\/{rel}","templated":true}]}}