{"id":499596,"date":"2025-01-24T23:32:39","date_gmt":"2025-01-24T22:32:39","guid":{"rendered":"https:\/\/shop.kustom.ch\/?post_type=product&#038;p=499596"},"modified":"2026-03-31T11:37:14","modified_gmt":"2026-03-31T10:37:14","slug":"carnation-sweater-ladies","status":"publish","type":"product","link":"https:\/\/shop.kustom.ch\/fr\/produit\/carnation-sweater-ladies\/","title":{"rendered":"Carnation Sweater Ladies"},"content":{"rendered":"<p>Le sweat branch\u00e9 est aujourd'hui un incontournable de la garde-robe. Fil\u00e9 \u00e0 partir de coton confortable et de fils de nylon r\u00e9sistants, il est agr\u00e9able et l\u00e9ger au toucher. L'encolure ronde et les poignets sont accentu\u00e9s d'une seule couche et la structure allover lui conf\u00e8re un look discret et exclusif. La version f\u00e9minine est dot\u00e9e de manches d\u00e9coratives qui s'\u00e9tendent jusqu'au coude. Un look facile \u00e0 porter qui fonctionne tous les jours de l'ann\u00e9e.<\/p>\n<p>Mat\u00e9riau : 80% coton, 20% nylon<\/p>","protected":false},"excerpt":{"rendered":"<p>Der hippe Sweater darf heute in keiner Garderobe fehlen. Aus bequemer Baumwolle und strapazierf\u00e4higen Nylongarnen gesponnen, f\u00fchlt er sich angenehm und leicht an. Der Rundhalsausschnitt und die Manschetten sind einlagig akzentuiert und die Allover Struktur sorgt f\u00fcr einen dezenten, exklusiven Look. Die Damenversion ist mit dekorativen \u00c4rmelb\u00fcndchen ausgestattet, die bis zum Ellbogen reichen. Ein einfach [&hellip;]<\/p>\n","protected":false},"featured_media":499627,"template":"","meta":[],"product_brand":[],"product_cat":[4191],"product_tag":[],"class_list":{"0":"post-499596","1":"product","2":"type-product","3":"status-publish","4":"has-post-thumbnail","6":"product_cat-longsleeves-sweatshirts","7":"pa_brand-cutter-buck","8":"pa_brand-type-sportswear","9":"pa_filter-color-blau","10":"pa_filter-color-braun","11":"pa_filter-color-grau","12":"pa_filter-color-schwarz","13":"pa_filter-color-weiss","15":"first","16":"instock","17":"sale","18":"taxable","19":"shipping-taxable","20":"purchasable","21":"product-type-variable","22":"add-to-wishlist-before_image"},"exclude_global_add_ons":[],"addons":[],"acf":[],"_links":{"self":[{"href":"https:\/\/shop.kustom.ch\/fr\/wp-json\/wp\/v2\/product\/499596"}],"collection":[{"href":"https:\/\/shop.kustom.ch\/fr\/wp-json\/wp\/v2\/product"}],"about":[{"href":"https:\/\/shop.kustom.ch\/fr\/wp-json\/wp\/v2\/types\/product"}],"wp:featuredmedia":[{"embeddable":true,"href":"https:\/\/shop.kustom.ch\/fr\/wp-json\/wp\/v2\/media\/499627"}],"wp:attachment":[{"href":"https:\/\/shop.kustom.ch\/fr\/wp-json\/wp\/v2\/media?parent=499596"}],"wp:term":[{"taxonomy":"product_brand","embeddable":true,"href":"https:\/\/shop.kustom.ch\/fr\/wp-json\/wp\/v2\/product_brand?post=499596"},{"taxonomy":"product_cat","embeddable":true,"href":"https:\/\/shop.kustom.ch\/fr\/wp-json\/wp\/v2\/product_cat?post=499596"},{"taxonomy":"product_tag","embeddable":true,"href":"https:\/\/shop.kustom.ch\/fr\/wp-json\/wp\/v2\/product_tag?post=499596"}],"curies":[{"name":"wp","href":"https:\/\/api.w.org\/{rel}","templated":true}]}}