{"id":499528,"date":"2025-01-24T23:32:14","date_gmt":"2025-01-24T22:32:14","guid":{"rendered":"https:\/\/shop.kustom.ch\/?post_type=product&#038;p=499528"},"modified":"2026-03-31T11:38:27","modified_gmt":"2026-03-31T10:38:27","slug":"bonney-lake-pants-ladies","status":"publish","type":"product","link":"https:\/\/shop.kustom.ch\/fr\/produit\/bonney-lake-pants-ladies\/","title":{"rendered":"Bonney Lake Pants Ladies"},"content":{"rendered":"<p>Que ce soit sur le terrain de golf ou au bureau, le Bonney Lake Pants vous donne ce petit plus. Avec le twill CB DryTec qui \u00e9vacue l'humidit\u00e9 avec UPF 50+ et un stretch quadri-directionnel, vous restez au frais, au sec, agile et prot\u00e9g\u00e9 du soleil dans ce pantalon. La confortable taille pull-on a une coupe flatteuse et les poches zipp\u00e9es invisibles sur le devant te donnent un look \u00e9l\u00e9gant pendant que tu ranges tes accessoires.<\/p>\n<p>Mati\u00e8re : 86% polyester, 14% \u00e9lasthanne<\/p>","protected":false},"excerpt":{"rendered":"<p>Ob auf dem Golfplatz oder im B\u00fcro, die Bonney Lake Pants gibt Ihnen das gewisse Etwas. Mit dem feuchtigkeitsableitenden CB DryTec Twill mit UPF 50+ und 4-Wege Stretch, bleiben Sie in dieser Hose k\u00fchl, trocken, agil und vor der Sonne gesch\u00fctzt. Der bequeme Pull-on Bund hat eine schmeichelhafte Passform und die unsichtbaren Reissverschlusstaschen auf der [&hellip;]<\/p>\n","protected":false},"featured_media":499551,"template":"","meta":[],"product_brand":[],"product_cat":[4185],"product_tag":[],"class_list":{"0":"post-499528","1":"product","2":"type-product","3":"status-publish","4":"has-post-thumbnail","6":"product_cat-hosen","7":"pa_brand-cutter-buck","8":"pa_brand-type-sportswear","9":"pa_filter-color-blau","10":"pa_filter-color-schwarz","12":"first","13":"instock","14":"sale","15":"taxable","16":"shipping-taxable","17":"purchasable","18":"product-type-variable","19":"add-to-wishlist-before_image"},"exclude_global_add_ons":[],"addons":[],"acf":[],"_links":{"self":[{"href":"https:\/\/shop.kustom.ch\/fr\/wp-json\/wp\/v2\/product\/499528"}],"collection":[{"href":"https:\/\/shop.kustom.ch\/fr\/wp-json\/wp\/v2\/product"}],"about":[{"href":"https:\/\/shop.kustom.ch\/fr\/wp-json\/wp\/v2\/types\/product"}],"wp:featuredmedia":[{"embeddable":true,"href":"https:\/\/shop.kustom.ch\/fr\/wp-json\/wp\/v2\/media\/499551"}],"wp:attachment":[{"href":"https:\/\/shop.kustom.ch\/fr\/wp-json\/wp\/v2\/media?parent=499528"}],"wp:term":[{"taxonomy":"product_brand","embeddable":true,"href":"https:\/\/shop.kustom.ch\/fr\/wp-json\/wp\/v2\/product_brand?post=499528"},{"taxonomy":"product_cat","embeddable":true,"href":"https:\/\/shop.kustom.ch\/fr\/wp-json\/wp\/v2\/product_cat?post=499528"},{"taxonomy":"product_tag","embeddable":true,"href":"https:\/\/shop.kustom.ch\/fr\/wp-json\/wp\/v2\/product_tag?post=499528"}],"curies":[{"name":"wp","href":"https:\/\/api.w.org\/{rel}","templated":true}]}}