{"id":499527,"date":"2025-01-24T23:32:14","date_gmt":"2025-01-24T22:32:14","guid":{"rendered":"https:\/\/shop.kustom.ch\/?post_type=product&#038;p=499527"},"modified":"2026-03-31T11:36:55","modified_gmt":"2026-03-31T10:36:55","slug":"bonney-lake-long-pants-ladies","status":"publish","type":"product","link":"https:\/\/shop.kustom.ch\/fr\/produit\/bonney-lake-long-pants-ladies\/","title":{"rendered":"Bonney Lake Long Pants Ladies"},"content":{"rendered":"<p>Du terrain de golf au bureau, les pantalons longs Bonney Lake vous donneront un avantage d\u00e9cisif, maintenant disponibles dans une longueur compl\u00e8te. Ils offrent une \u00e9vacuation de l'humidit\u00e9 avec le serg\u00e9 CB DryTec, une protection UPF 50+ et un stretch 4 directions pour bouger avec vous, rester au frais, au sec, agile et \u00e0 l'abri du soleil. La taille confortable a une coupe flatteuse et les poches zipp\u00e9es invisibles \u00e0 l'avant vous donnent une allure \u00e9lanc\u00e9e tout en rangeant vos n\u00e9cessit\u00e9s. De plus, une fermeture \u00e9clair cach\u00e9e a \u00e9t\u00e9 ajout\u00e9e sur la couture lat\u00e9rale.<\/p>\n<p>Mati\u00e8re : 86% polyester recycl\u00e9, 14% \u00e9lasthanne<\/p>","protected":false},"excerpt":{"rendered":"<p>Von Golfplatz bis B\u00fcro, die Bonney Lake Long Pants werden Ihnen den entscheidenden Vorteil verschaffen, jetzt in einer vollst\u00e4ndigen L\u00e4nge erh\u00e4ltlich. Sie bieten Feuchtigkeitsableitung mit CB DryTec Twill, UPF 50+ und 4-Wege-Stretch, um sich mit Ihnen zu bewegen, k\u00fchl, trocken, agil und vor der Sonne gesch\u00fctzt zu bleiben. Der bequeme Bund hat eine schmeichelhafte Passform [&hellip;]<\/p>\n","protected":false},"featured_media":499537,"template":"","meta":[],"product_brand":[],"product_cat":[4185],"product_tag":[],"class_list":{"0":"post-499527","1":"product","2":"type-product","3":"status-publish","4":"has-post-thumbnail","6":"product_cat-hosen","7":"pa_brand-cutter-buck","8":"pa_brand-type-sportswear","9":"pa_filter-color-blau","10":"pa_filter-color-schwarz","12":"first","13":"instock","14":"sale","15":"taxable","16":"shipping-taxable","17":"purchasable","18":"product-type-variable","19":"add-to-wishlist-before_image"},"exclude_global_add_ons":[],"addons":[],"acf":[],"_links":{"self":[{"href":"https:\/\/shop.kustom.ch\/fr\/wp-json\/wp\/v2\/product\/499527"}],"collection":[{"href":"https:\/\/shop.kustom.ch\/fr\/wp-json\/wp\/v2\/product"}],"about":[{"href":"https:\/\/shop.kustom.ch\/fr\/wp-json\/wp\/v2\/types\/product"}],"wp:featuredmedia":[{"embeddable":true,"href":"https:\/\/shop.kustom.ch\/fr\/wp-json\/wp\/v2\/media\/499537"}],"wp:attachment":[{"href":"https:\/\/shop.kustom.ch\/fr\/wp-json\/wp\/v2\/media?parent=499527"}],"wp:term":[{"taxonomy":"product_brand","embeddable":true,"href":"https:\/\/shop.kustom.ch\/fr\/wp-json\/wp\/v2\/product_brand?post=499527"},{"taxonomy":"product_cat","embeddable":true,"href":"https:\/\/shop.kustom.ch\/fr\/wp-json\/wp\/v2\/product_cat?post=499527"},{"taxonomy":"product_tag","embeddable":true,"href":"https:\/\/shop.kustom.ch\/fr\/wp-json\/wp\/v2\/product_tag?post=499527"}],"curies":[{"name":"wp","href":"https:\/\/api.w.org\/{rel}","templated":true}]}}