{"id":499526,"date":"2025-01-24T23:32:14","date_gmt":"2025-01-24T22:32:14","guid":{"rendered":"https:\/\/shop.kustom.ch\/?post_type=product&#038;p=499526"},"modified":"2026-03-31T11:32:26","modified_gmt":"2026-03-31T10:32:26","slug":"blyn-hat","status":"publish","type":"product","link":"https:\/\/shop.kustom.ch\/fr\/produit\/blyn-hat\/","title":{"rendered":"Chapeau Blyn"},"content":{"rendered":"<p>Un bonnet tricot\u00e9 classique en fil de laine chaud et en m\u00e9lange de fils acryliques \u00e9lastiques, qui vous tient chaud en toute saison.<\/p>\n<p>Mati\u00e8re : 70% acrylique, 30% laine<\/p>","protected":false},"excerpt":{"rendered":"<p>Eine klassische Strickm\u00fctze aus warmem Wollgarn und einer elastischen Acrylgarnmischung, die Sie zu jeder Jahreszeit warm h\u00e4lt. Material: 70% Acryl, 30% Wolle<\/p>","protected":false},"featured_media":499533,"template":"","meta":[],"product_brand":[],"product_cat":[4177,4209],"product_tag":[],"class_list":{"0":"post-499526","1":"product","2":"type-product","3":"status-publish","4":"has-post-thumbnail","6":"product_cat-caps-muetzen","7":"product_cat-zubehoer","8":"pa_brand-cutter-buck","9":"pa_brand-type-sportswear","10":"pa_filter-color-grau","11":"pa_filter-color-schwarz","13":"first","14":"instock","15":"sale","16":"taxable","17":"shipping-taxable","18":"purchasable","19":"product-type-variable","20":"add-to-wishlist-before_image"},"exclude_global_add_ons":[],"addons":[],"acf":[],"_links":{"self":[{"href":"https:\/\/shop.kustom.ch\/fr\/wp-json\/wp\/v2\/product\/499526"}],"collection":[{"href":"https:\/\/shop.kustom.ch\/fr\/wp-json\/wp\/v2\/product"}],"about":[{"href":"https:\/\/shop.kustom.ch\/fr\/wp-json\/wp\/v2\/types\/product"}],"wp:featuredmedia":[{"embeddable":true,"href":"https:\/\/shop.kustom.ch\/fr\/wp-json\/wp\/v2\/media\/499533"}],"wp:attachment":[{"href":"https:\/\/shop.kustom.ch\/fr\/wp-json\/wp\/v2\/media?parent=499526"}],"wp:term":[{"taxonomy":"product_brand","embeddable":true,"href":"https:\/\/shop.kustom.ch\/fr\/wp-json\/wp\/v2\/product_brand?post=499526"},{"taxonomy":"product_cat","embeddable":true,"href":"https:\/\/shop.kustom.ch\/fr\/wp-json\/wp\/v2\/product_cat?post=499526"},{"taxonomy":"product_tag","embeddable":true,"href":"https:\/\/shop.kustom.ch\/fr\/wp-json\/wp\/v2\/product_tag?post=499526"}],"curies":[{"name":"wp","href":"https:\/\/api.w.org\/{rel}","templated":true}]}}