{"id":499389,"date":"2025-01-24T23:31:42","date_gmt":"2025-01-24T22:31:42","guid":{"rendered":"https:\/\/shop.kustom.ch\/?post_type=product&#038;p=499389"},"modified":"2026-03-31T11:37:28","modified_gmt":"2026-03-31T10:37:28","slug":"blakely-knitted-sweater-men","status":"publish","type":"product","link":"https:\/\/shop.kustom.ch\/fr\/produit\/blakely-knitted-sweater-men\/","title":{"rendered":"Sweat \u00e0 col roul\u00e9 Blakely Hommes"},"content":{"rendered":"<p>Blakely est fabriqu\u00e9 en coton doux. Inspir\u00e9 du rugby am\u00e9ricain et de la sobri\u00e9t\u00e9 scandinave. Une texture de couches crois\u00e9es cr\u00e9e le motif de tricot c\u00e2ble et un toucher doux. Blakely se pr\u00e9sente dans un style classique avec une coupe moderne, un col rond et des c\u00f4tes \u00e0 l'ourlet et aux manches.<\/p>\n<p>Mati\u00e8re : 100% coton<\/p>","protected":false},"excerpt":{"rendered":"<p>Blakely ist aus weicher Baumwolle gefertigt. Inspiration vom amerikanischen Rugby und skandinavischer Schlichtheit. Eine Textur von sich kreuzenden Schichten erzeugt das Kabelstrickmuster und eine weiche Haptik. Blakely kommt in einem klassischer Stil mit moderner Passform mit Rundhalsausschnitt und Ripp an Saum und \u00c4rmel. Material: 100% Baumwolle<\/p>","protected":false},"featured_media":499428,"template":"","meta":[],"product_brand":[],"product_cat":[4191],"product_tag":[],"class_list":{"0":"post-499389","1":"product","2":"type-product","3":"status-publish","4":"has-post-thumbnail","6":"product_cat-longsleeves-sweatshirts","7":"pa_brand-cutter-buck","8":"pa_brand-type-sportswear","9":"pa_filter-color-beige","10":"pa_filter-color-blau","11":"pa_filter-color-grau","12":"pa_filter-color-schwarz","14":"first","15":"instock","16":"sale","17":"taxable","18":"shipping-taxable","19":"purchasable","20":"product-type-variable","21":"add-to-wishlist-before_image"},"exclude_global_add_ons":[],"addons":[],"acf":[],"_links":{"self":[{"href":"https:\/\/shop.kustom.ch\/fr\/wp-json\/wp\/v2\/product\/499389"}],"collection":[{"href":"https:\/\/shop.kustom.ch\/fr\/wp-json\/wp\/v2\/product"}],"about":[{"href":"https:\/\/shop.kustom.ch\/fr\/wp-json\/wp\/v2\/types\/product"}],"wp:featuredmedia":[{"embeddable":true,"href":"https:\/\/shop.kustom.ch\/fr\/wp-json\/wp\/v2\/media\/499428"}],"wp:attachment":[{"href":"https:\/\/shop.kustom.ch\/fr\/wp-json\/wp\/v2\/media?parent=499389"}],"wp:term":[{"taxonomy":"product_brand","embeddable":true,"href":"https:\/\/shop.kustom.ch\/fr\/wp-json\/wp\/v2\/product_brand?post=499389"},{"taxonomy":"product_cat","embeddable":true,"href":"https:\/\/shop.kustom.ch\/fr\/wp-json\/wp\/v2\/product_cat?post=499389"},{"taxonomy":"product_tag","embeddable":true,"href":"https:\/\/shop.kustom.ch\/fr\/wp-json\/wp\/v2\/product_tag?post=499389"}],"curies":[{"name":"wp","href":"https:\/\/api.w.org\/{rel}","templated":true}]}}