{"id":499321,"date":"2025-01-24T23:31:21","date_gmt":"2025-01-24T22:31:21","guid":{"rendered":"https:\/\/shop.kustom.ch\/?post_type=product&#038;p=499321"},"modified":"2026-03-31T11:44:03","modified_gmt":"2026-03-31T10:44:03","slug":"bellevue-jacket-men","status":"publish","type":"product","link":"https:\/\/shop.kustom.ch\/fr\/produit\/bellevue-jacket-men\/","title":{"rendered":"Veste Bellevue Men"},"content":{"rendered":"<p>Ce trench-coat l\u00e9g\u00e8rement plus long au design minimaliste fonctionne toute l'ann\u00e9e. La doublure l\u00e9g\u00e8re en Primaloft\u00ae vous garde au chaud lors des excursions du week-end et le matin au travail. Le tissu ext\u00e9rieur \u00e9lastique \u00e0 trois couches et l'int\u00e9rieur enti\u00e8rement scell\u00e9 par des coutures vous offrent une excellente protection contre le vent et l'humidit\u00e9, tout en garantissant une respirabilit\u00e9 optimale. Une veste urbaine \u00e9l\u00e9gante qui se porte parfaitement par-dessus votre costume.<\/p>\n<p>Mat\u00e9riaux : ext\u00e9rieur : 67% coton, 33% nylon, doublure : 100% polyester, rembourrage : 100% polyester, WP3000, MVP3000<\/p>","protected":false},"excerpt":{"rendered":"<p>Dieser etwas l\u00e4nger geschnittene Trenchcoat im minimalistischen Design, funktioniert das ganze Jahr \u00fcber. Die leichte Primaloft\u00ae F\u00fctterung h\u00e4lt Sie an Wochenendausfl\u00fcgen und am Morgen zur Arbeit warm. Das \u00e4ussere 3 lagige, elastische Gewebe und das vollst\u00e4ndig nahtversiegelte Innere, verleihen Ihnen hervorragenden Schutz vor Wind und N\u00e4sse, bei optimaler Atmungsaktivit\u00e4t. Eine elegante urbane Jacke, die perfekt [&hellip;]<\/p>\n","protected":false},"featured_media":499371,"template":"","meta":[],"product_brand":[],"product_cat":[4186],"product_tag":[],"class_list":{"0":"post-499321","1":"product","2":"type-product","3":"status-publish","4":"has-post-thumbnail","6":"product_cat-jacken","7":"pa_brand-cutter-buck","8":"pa_brand-type-sportswear","9":"pa_filter-color-blau","10":"pa_filter-color-grau","11":"pa_filter-color-schwarz","13":"first","14":"instock","15":"sale","16":"taxable","17":"shipping-taxable","18":"purchasable","19":"product-type-variable","20":"add-to-wishlist-before_image"},"exclude_global_add_ons":[],"addons":[],"acf":[],"_links":{"self":[{"href":"https:\/\/shop.kustom.ch\/fr\/wp-json\/wp\/v2\/product\/499321"}],"collection":[{"href":"https:\/\/shop.kustom.ch\/fr\/wp-json\/wp\/v2\/product"}],"about":[{"href":"https:\/\/shop.kustom.ch\/fr\/wp-json\/wp\/v2\/types\/product"}],"wp:featuredmedia":[{"embeddable":true,"href":"https:\/\/shop.kustom.ch\/fr\/wp-json\/wp\/v2\/media\/499371"}],"wp:attachment":[{"href":"https:\/\/shop.kustom.ch\/fr\/wp-json\/wp\/v2\/media?parent=499321"}],"wp:term":[{"taxonomy":"product_brand","embeddable":true,"href":"https:\/\/shop.kustom.ch\/fr\/wp-json\/wp\/v2\/product_brand?post=499321"},{"taxonomy":"product_cat","embeddable":true,"href":"https:\/\/shop.kustom.ch\/fr\/wp-json\/wp\/v2\/product_cat?post=499321"},{"taxonomy":"product_tag","embeddable":true,"href":"https:\/\/shop.kustom.ch\/fr\/wp-json\/wp\/v2\/product_tag?post=499321"}],"curies":[{"name":"wp","href":"https:\/\/api.w.org\/{rel}","templated":true}]}}