{"id":499043,"date":"2025-01-24T23:30:11","date_gmt":"2025-01-24T22:30:11","guid":{"rendered":"https:\/\/shop.kustom.ch\/?post_type=product&#038;p=499043"},"modified":"2026-03-31T11:42:09","modified_gmt":"2026-03-31T10:42:09","slug":"advantage-stand-up-collor-polo","status":"publish","type":"product","link":"https:\/\/shop.kustom.ch\/fr\/produit\/advantage-stand-up-collor-polo\/","title":{"rendered":"Advantage Stand-Up Collor Polo"},"content":{"rendered":"<p>Notre tissu Tri Blend unique en coton, polyester et \u00e9lasthanne offre une polyvalence maximale pour votre style de vie actif. Le traitement C&amp;B DryTec Cotton +35 protection UV offre un toucher doux avec une touche de stretch et une bonne \u00e9vacuation de l'humidit\u00e9, ce qui fait de ce polo un v\u00eatement tr\u00e8s recherch\u00e9. Dans la version Stand Up Collar, il est dot\u00e9 d'un col montant Rip tr\u00e8s tendance, d'une patte de boutonnage \u00e0 3 boutons et de coutures raglan sur les bras pour une plus grande libert\u00e9 de mouvement. Un compagnon contemporain, \u00e0 l'aise sur les terrains de golf comme en ville.<\/p>\n<p>Mati\u00e8re : 52% coton, 45% polyester, 3% \u00e9lasthanne<\/p>","protected":false},"excerpt":{"rendered":"<p>Unser einzigartiges Tri Blend Material aus Baumwolle, Polyester und Elasthan bietet maximale Vielseitigkeit f\u00fcr Ihren aktiven Lebensstil. Die C&amp;B DryTec Cotton +35 UV Schutz Verarbeitung bietet eine weiche Haptik mit einem Hauch von Stretch und einen guten Feuchtigkeitsabtransport, was dieses Polo Shirt zu einem begehrten Kleidungsst\u00fcck macht. In der Stand Up Collar Version mit einem [&hellip;]<\/p>\n","protected":false},"featured_media":499067,"template":"","meta":[],"product_brand":[],"product_cat":[4193],"product_tag":[],"class_list":{"0":"post-499043","1":"product","2":"type-product","3":"status-publish","4":"has-post-thumbnail","6":"product_cat-polos","7":"pa_brand-cutter-buck","8":"pa_brand-type-sportswear","9":"pa_filter-color-blau","10":"pa_filter-color-schwarz","11":"pa_filter-color-weiss","13":"first","14":"instock","15":"sale","16":"taxable","17":"shipping-taxable","18":"purchasable","19":"product-type-variable","20":"add-to-wishlist-before_image"},"exclude_global_add_ons":[],"addons":[],"acf":[],"_links":{"self":[{"href":"https:\/\/shop.kustom.ch\/fr\/wp-json\/wp\/v2\/product\/499043"}],"collection":[{"href":"https:\/\/shop.kustom.ch\/fr\/wp-json\/wp\/v2\/product"}],"about":[{"href":"https:\/\/shop.kustom.ch\/fr\/wp-json\/wp\/v2\/types\/product"}],"wp:featuredmedia":[{"embeddable":true,"href":"https:\/\/shop.kustom.ch\/fr\/wp-json\/wp\/v2\/media\/499067"}],"wp:attachment":[{"href":"https:\/\/shop.kustom.ch\/fr\/wp-json\/wp\/v2\/media?parent=499043"}],"wp:term":[{"taxonomy":"product_brand","embeddable":true,"href":"https:\/\/shop.kustom.ch\/fr\/wp-json\/wp\/v2\/product_brand?post=499043"},{"taxonomy":"product_cat","embeddable":true,"href":"https:\/\/shop.kustom.ch\/fr\/wp-json\/wp\/v2\/product_cat?post=499043"},{"taxonomy":"product_tag","embeddable":true,"href":"https:\/\/shop.kustom.ch\/fr\/wp-json\/wp\/v2\/product_tag?post=499043"}],"curies":[{"name":"wp","href":"https:\/\/api.w.org\/{rel}","templated":true}]}}