{"id":498976,"date":"2025-01-24T23:29:55","date_gmt":"2025-01-24T22:29:55","guid":{"rendered":"https:\/\/shop.kustom.ch\/?post_type=product&#038;p=498976"},"modified":"2026-03-31T11:38:32","modified_gmt":"2026-03-31T10:38:32","slug":"advantage-sleeveless-ladies","status":"publish","type":"product","link":"https:\/\/shop.kustom.ch\/fr\/produit\/advantage-sleeveless-ladies\/","title":{"rendered":"Advantage Sans Manches Femmes"},"content":{"rendered":"<p>Notre tissu Tri Blend unique en coton, polyester et \u00e9lasthanne offre une polyvalence maximale pour votre style de vie actif. Le traitement C&amp;B DryTec Cotton +35 protection UV offre un toucher doux avec une touche de stretch et une bonne \u00e9vacuation de l'humidit\u00e9, ce qui fait de ce polo un v\u00eatement tr\u00e8s recherch\u00e9.  La version sans manches pour les femmes est dot\u00e9e d'un col montant en reps \u00e0 la mode et d'une patte de boutonnage allong\u00e9e. Un compagnon contemporain qui se sent \u00e0 l'aise sur le terrain de golf et en ville.<\/p>\n<p>Mati\u00e8re : 52% coton, 45% polyester, 3% \u00e9lasthanne<\/p>","protected":false},"excerpt":{"rendered":"<p>Unser einzigartiges Tri Blend Material aus Baumwolle, Polyester und Elasthan bietet maximale Vielseitigkeit f\u00fcr Ihren aktiven Lebensstil. Die C&amp;B DryTec Cotton +35 UV Schutz Verarbeitung bietet eine weiche Haptik mit einem Hauch von Stretch und einen guten Feuchtigkeitsabtransport, was dieses Polo Shirt zu einem begehrten Kleidungsst\u00fcck macht. Der \u00c4rmellos Version f\u00fcr die Damen ist mit [&hellip;]<\/p>\n","protected":false},"featured_media":499037,"template":"","meta":[],"product_brand":[],"product_cat":[4193],"product_tag":[],"class_list":{"0":"post-498976","1":"product","2":"type-product","3":"status-publish","4":"has-post-thumbnail","6":"product_cat-polos","7":"pa_brand-cutter-buck","8":"pa_brand-type-sportswear","9":"pa_filter-color-blau","10":"pa_filter-color-rot","11":"pa_filter-color-schwarz","12":"pa_filter-color-weiss","14":"first","15":"instock","16":"sale","17":"taxable","18":"shipping-taxable","19":"purchasable","20":"product-type-variable","21":"add-to-wishlist-before_image"},"exclude_global_add_ons":[],"addons":[],"acf":[],"_links":{"self":[{"href":"https:\/\/shop.kustom.ch\/fr\/wp-json\/wp\/v2\/product\/498976"}],"collection":[{"href":"https:\/\/shop.kustom.ch\/fr\/wp-json\/wp\/v2\/product"}],"about":[{"href":"https:\/\/shop.kustom.ch\/fr\/wp-json\/wp\/v2\/types\/product"}],"wp:featuredmedia":[{"embeddable":true,"href":"https:\/\/shop.kustom.ch\/fr\/wp-json\/wp\/v2\/media\/499037"}],"wp:attachment":[{"href":"https:\/\/shop.kustom.ch\/fr\/wp-json\/wp\/v2\/media?parent=498976"}],"wp:term":[{"taxonomy":"product_brand","embeddable":true,"href":"https:\/\/shop.kustom.ch\/fr\/wp-json\/wp\/v2\/product_brand?post=498976"},{"taxonomy":"product_cat","embeddable":true,"href":"https:\/\/shop.kustom.ch\/fr\/wp-json\/wp\/v2\/product_cat?post=498976"},{"taxonomy":"product_tag","embeddable":true,"href":"https:\/\/shop.kustom.ch\/fr\/wp-json\/wp\/v2\/product_tag?post=498976"}],"curies":[{"name":"wp","href":"https:\/\/api.w.org\/{rel}","templated":true}]}}